{"id":1634,"date":"2026-03-11T13:47:41","date_gmt":"2026-03-11T13:47:41","guid":{"rendered":"https:\/\/integratek-sbd.com\/politica-de-cookies\/"},"modified":"2026-04-01T11:37:34","modified_gmt":"2026-04-01T11:37:34","slug":"politica-de-cookies","status":"publish","type":"page","link":"https:\/\/integratek-sbd.com\/ca\/politica-de-cookies\/","title":{"rendered":"Pol\u00edtica de cookies<br>"},"content":{"rendered":"\t\t<div data-elementor-type=\"wp-page\" data-elementor-id=\"1634\" class=\"elementor elementor-1634 elementor-92\" data-elementor-post-type=\"page\">\n\t\t\t\t<div class=\"elementor-element elementor-element-3fc23c3e e-flex e-con-boxed e-con e-parent\" data-id=\"3fc23c3e\" data-element_type=\"container\" data-e-type=\"container\" data-settings=\"{&quot;background_background&quot;:&quot;classic&quot;}\">\n\t\t\t\t\t<div class=\"e-con-inner\">\n\t\t\t\t<div class=\"elementor-element elementor-element-4fd4f74b elementor-widget-mobile__width-inherit elementor-widget elementor-widget-heading\" data-id=\"4fd4f74b\" data-element_type=\"widget\" data-e-type=\"widget\" data-widget_type=\"heading.default\">\n\t\t\t\t\t<h2 class=\"elementor-heading-title elementor-size-default\">POL\u00cdTICA DE COOKIES<br><\/h2>\t\t\t\t<\/div>\n\t\t\t\t<div class=\"elementor-element elementor-element-278fc84f elementor-icon-list--layout-traditional elementor-list-item-link-full_width elementor-widget elementor-widget-icon-list\" data-id=\"278fc84f\" data-element_type=\"widget\" data-e-type=\"widget\" data-widget_type=\"icon-list.default\">\n\t\t\t\t\t\t\t<ul class=\"elementor-icon-list-items\">\n\t\t\t\t\t\t\t<li class=\"elementor-icon-list-item\">\n\t\t\t\t\t\t\t\t\t\t\t<span class=\"elementor-icon-list-icon\">\n\t\t\t\t\t\t\t<svg aria-hidden=\"true\" class=\"e-font-icon-svg e-fas-square-full\" viewBox=\"0 0 512 512\" xmlns=\"http:\/\/www.w3.org\/2000\/svg\"><path d=\"M512 512H0V0h512v512z\"><\/path><\/svg>\t\t\t\t\t\t<\/span>\n\t\t\t\t\t\t\t\t\t\t<span class=\"elementor-icon-list-text\">Qu\u00e8 s\u00f3n les cookies?<br><\/span>\n\t\t\t\t\t\t\t\t\t<\/li>\n\t\t\t\t\t\t<\/ul>\n\t\t\t\t\t\t<\/div>\n\t\t\t\t<div class=\"elementor-element elementor-element-5d7cce24 elementor-widget elementor-widget-text-editor\" data-id=\"5d7cce24\" data-element_type=\"widget\" data-e-type=\"widget\" data-widget_type=\"text-editor.default\">\n\t\t\t\t\t\t\t\t\t<p data-start=\"97\" data-end=\"372\">Les cookies s\u00f3n petits arxius de text que s\u2019emmagatzemen al dispositiu de l\u2019usuari en visitar una p\u00e0gina web. Permeten, entre altres coses, recon\u00e8ixer l\u2019usuari, obtenir informaci\u00f3 sobre els seus h\u00e0bits de navegaci\u00f3 o personalitzar la manera com es mostra el contingut.<br> <\/p>\t\t\t\t\t\t\t\t<\/div>\n\t\t\t\t<div class=\"elementor-element elementor-element-07e070f elementor-icon-list--layout-traditional elementor-list-item-link-full_width elementor-widget elementor-widget-icon-list\" data-id=\"07e070f\" data-element_type=\"widget\" data-e-type=\"widget\" data-widget_type=\"icon-list.default\">\n\t\t\t\t\t\t\t<ul class=\"elementor-icon-list-items\">\n\t\t\t\t\t\t\t<li class=\"elementor-icon-list-item\">\n\t\t\t\t\t\t\t\t\t\t\t<span class=\"elementor-icon-list-icon\">\n\t\t\t\t\t\t\t<svg aria-hidden=\"true\" class=\"e-font-icon-svg e-fas-square-full\" viewBox=\"0 0 512 512\" xmlns=\"http:\/\/www.w3.org\/2000\/svg\"><path d=\"M512 512H0V0h512v512z\"><\/path><\/svg>\t\t\t\t\t\t<\/span>\n\t\t\t\t\t\t\t\t\t\t<span class=\"elementor-icon-list-text\">Tipus de cookies utilitzades<br><\/span>\n\t\t\t\t\t\t\t\t\t<\/li>\n\t\t\t\t\t\t<\/ul>\n\t\t\t\t\t\t<\/div>\n\t\t\t\t<div class=\"elementor-element elementor-element-876a7b0 elementor-widget elementor-widget-text-editor\" data-id=\"876a7b0\" data-element_type=\"widget\" data-e-type=\"widget\" data-widget_type=\"text-editor.default\">\n\t\t\t\t\t\t\t\t\t<p data-start=\"416\" data-end=\"504\">El lloc web <a class=\"decorated-link\" href=\"http:\/\/www.integratek-sbd.com\" target=\"_new\" rel=\"noopener\" data-start=\"429\" data-end=\"451\">www.integratek-sbd.com<\/a> pot utilitzar les seg\u00fcents categories de cookies:<\/p><h6 data-section-id=\"4ua4me\" data-start=\"506\" data-end=\"544\">a) Cookies t\u00e8cniques (necess\u00e0ries)<br><\/h6><p data-start=\"545\" data-end=\"706\">Permeten la navegaci\u00f3 per la web i l\u2019\u00fas de les seves funcionalitats b\u00e0siques, com l\u2019acc\u00e9s a formularis de contacte.<br data-start=\"661\" data-end=\"664\">Aquestes cookies no requereixen consentiment.<br><\/p><h6 data-section-id=\"ihl6jw\" data-start=\"708\" data-end=\"753\">b) Cookies d\u2019an\u00e0lisi (si s\u2019utilitzen)<br><\/h6><p data-start=\"754\" data-end=\"868\">Permeten quantificar el nombre d\u2019usuaris i analitzar l\u2019\u00fas del lloc web per millorar els serveis oferts.<br><\/p>\t\t\t\t\t\t\t\t<\/div>\n\t\t\t\t<div class=\"elementor-element elementor-element-39e76c5 elementor-icon-list--layout-traditional elementor-list-item-link-full_width elementor-widget elementor-widget-icon-list\" data-id=\"39e76c5\" data-element_type=\"widget\" data-e-type=\"widget\" data-widget_type=\"icon-list.default\">\n\t\t\t\t\t\t\t<ul class=\"elementor-icon-list-items\">\n\t\t\t\t\t\t\t<li class=\"elementor-icon-list-item\">\n\t\t\t\t\t\t\t\t\t\t\t<span class=\"elementor-icon-list-icon\">\n\t\t\t\t\t\t\t<svg aria-hidden=\"true\" class=\"e-font-icon-svg e-fas-square-full\" viewBox=\"0 0 512 512\" xmlns=\"http:\/\/www.w3.org\/2000\/svg\"><path d=\"M512 512H0V0h512v512z\"><\/path><\/svg>\t\t\t\t\t\t<\/span>\n\t\t\t\t\t\t\t\t\t\t<span class=\"elementor-icon-list-text\">Base legal<br><\/span>\n\t\t\t\t\t\t\t\t\t<\/li>\n\t\t\t\t\t\t<\/ul>\n\t\t\t\t\t\t<\/div>\n\t\t\t\t<div class=\"elementor-element elementor-element-a2170e1 elementor-widget elementor-widget-text-editor\" data-id=\"a2170e1\" data-element_type=\"widget\" data-e-type=\"widget\" data-widget_type=\"text-editor.default\">\n\t\t\t\t\t\t\t\t\t<p data-start=\"1055\" data-end=\"1203\">L\u2019\u00fas de cookies no necess\u00e0ries es basa en el consentiment de l\u2019usuari, que s\u2019obt\u00e9 a trav\u00e9s del banner de cookies en accedir al lloc web.<br><\/p>\t\t\t\t\t\t\t\t<\/div>\n\t\t\t\t<div class=\"elementor-element elementor-element-7d364d1 elementor-icon-list--layout-traditional elementor-list-item-link-full_width elementor-widget elementor-widget-icon-list\" data-id=\"7d364d1\" data-element_type=\"widget\" data-e-type=\"widget\" data-widget_type=\"icon-list.default\">\n\t\t\t\t\t\t\t<ul class=\"elementor-icon-list-items\">\n\t\t\t\t\t\t\t<li class=\"elementor-icon-list-item\">\n\t\t\t\t\t\t\t\t\t\t\t<span class=\"elementor-icon-list-icon\">\n\t\t\t\t\t\t\t<svg aria-hidden=\"true\" class=\"e-font-icon-svg e-fas-square-full\" viewBox=\"0 0 512 512\" xmlns=\"http:\/\/www.w3.org\/2000\/svg\"><path d=\"M512 512H0V0h512v512z\"><\/path><\/svg>\t\t\t\t\t\t<\/span>\n\t\t\t\t\t\t\t\t\t\t<span class=\"elementor-icon-list-text\">Gesti\u00f3 de cookies<br><\/span>\n\t\t\t\t\t\t\t\t\t<\/li>\n\t\t\t\t\t\t<\/ul>\n\t\t\t\t\t\t<\/div>\n\t\t\t\t<div class=\"elementor-element elementor-element-78fab19 elementor-widget elementor-widget-text-editor\" data-id=\"78fab19\" data-element_type=\"widget\" data-e-type=\"widget\" data-widget_type=\"text-editor.default\">\n\t\t\t\t\t\t\t\t\t<p data-start=\"1237\" data-end=\"1355\">L\u2019usuari pot configurar o rebutjar l\u2019\u00fas de cookies a trav\u00e9s del banner de configuraci\u00f3 en accedir al lloc web.<br><\/p><p data-start=\"1357\" data-end=\"1482\">A m\u00e9s, pot permetre, bloquejar o eliminar les cookies instal\u00b7lades al seu dispositiu mitjan\u00e7ant la configuraci\u00f3 del navegador:<br><\/p><ul data-start=\"1484\" data-end=\"1526\"><li data-section-id=\"aoo9xy\" data-start=\"1484\" data-end=\"1494\">Chrome<\/li><li data-section-id=\"cuslc1\" data-start=\"1495\" data-end=\"1506\">Firefox<\/li><li data-section-id=\"1yt37wr\" data-start=\"1507\" data-end=\"1515\">Edge<\/li><li data-section-id=\"bcdque\" data-start=\"1516\" data-end=\"1526\">Safari<\/li><\/ul>\t\t\t\t\t\t\t\t<\/div>\n\t\t\t\t<div class=\"elementor-element elementor-element-1830ce9 elementor-icon-list--layout-traditional elementor-list-item-link-full_width elementor-widget elementor-widget-icon-list\" data-id=\"1830ce9\" data-element_type=\"widget\" data-e-type=\"widget\" data-widget_type=\"icon-list.default\">\n\t\t\t\t\t\t\t<ul class=\"elementor-icon-list-items\">\n\t\t\t\t\t\t\t<li class=\"elementor-icon-list-item\">\n\t\t\t\t\t\t\t\t\t\t\t<span class=\"elementor-icon-list-icon\">\n\t\t\t\t\t\t\t<svg aria-hidden=\"true\" class=\"e-font-icon-svg e-fas-square-full\" viewBox=\"0 0 512 512\" xmlns=\"http:\/\/www.w3.org\/2000\/svg\"><path d=\"M512 512H0V0h512v512z\"><\/path><\/svg>\t\t\t\t\t\t<\/span>\n\t\t\t\t\t\t\t\t\t\t<span class=\"elementor-icon-list-text\">Cookies de tercers<br><\/span>\n\t\t\t\t\t\t\t\t\t<\/li>\n\t\t\t\t\t\t<\/ul>\n\t\t\t\t\t\t<\/div>\n\t\t\t\t<div class=\"elementor-element elementor-element-a7a109e elementor-widget elementor-widget-text-editor\" data-id=\"a7a109e\" data-element_type=\"widget\" data-e-type=\"widget\" data-widget_type=\"text-editor.default\">\n\t\t\t\t\t\t\t\t\t<p data-start=\"1561\" data-end=\"1765\">En cas d\u2019utilitzar serveis de tercers (com eines d\u2019an\u00e0lisi), aquests poden instal\u00b7lar cookies pr\u00f2pies.<br data-start=\"1674\" data-end=\"1677\">INTEGRATEK SDB SL no controla aquestes cookies, sent responsabilitat dels prove\u00efdors.<\/p>\t\t\t\t\t\t\t\t<\/div>\n\t\t\t\t<div class=\"elementor-element elementor-element-81ce033 elementor-icon-list--layout-traditional elementor-list-item-link-full_width elementor-widget elementor-widget-icon-list\" data-id=\"81ce033\" data-element_type=\"widget\" data-e-type=\"widget\" data-widget_type=\"icon-list.default\">\n\t\t\t\t\t\t\t<ul class=\"elementor-icon-list-items\">\n\t\t\t\t\t\t\t<li class=\"elementor-icon-list-item\">\n\t\t\t\t\t\t\t\t\t\t\t<span class=\"elementor-icon-list-icon\">\n\t\t\t\t\t\t\t<svg aria-hidden=\"true\" class=\"e-font-icon-svg e-fas-square-full\" viewBox=\"0 0 512 512\" xmlns=\"http:\/\/www.w3.org\/2000\/svg\"><path d=\"M512 512H0V0h512v512z\"><\/path><\/svg>\t\t\t\t\t\t<\/span>\n\t\t\t\t\t\t\t\t\t\t<span class=\"elementor-icon-list-text\">Conservaci\u00f3 de dades<br><\/span>\n\t\t\t\t\t\t\t\t\t<\/li>\n\t\t\t\t\t\t<\/ul>\n\t\t\t\t\t\t<\/div>\n\t\t\t\t<div class=\"elementor-element elementor-element-a208977 elementor-widget elementor-widget-text-editor\" data-id=\"a208977\" data-element_type=\"widget\" data-e-type=\"widget\" data-widget_type=\"text-editor.default\">\n\t\t\t\t\t\t\t\t\t<p data-start=\"1802\" data-end=\"1941\">Les cookies es conservaran durant el temps necessari per complir la seva finalitat espec\u00edfica o fins que l\u2019usuari les elimini manualment.<br><\/p>\t\t\t\t\t\t\t\t<\/div>\n\t\t\t\t<div class=\"elementor-element elementor-element-cdb753a elementor-icon-list--layout-traditional elementor-list-item-link-full_width elementor-widget elementor-widget-icon-list\" data-id=\"cdb753a\" data-element_type=\"widget\" data-e-type=\"widget\" data-widget_type=\"icon-list.default\">\n\t\t\t\t\t\t\t<ul class=\"elementor-icon-list-items\">\n\t\t\t\t\t\t\t<li class=\"elementor-icon-list-item\">\n\t\t\t\t\t\t\t\t\t\t\t<span class=\"elementor-icon-list-icon\">\n\t\t\t\t\t\t\t<svg aria-hidden=\"true\" class=\"e-font-icon-svg e-fas-square-full\" viewBox=\"0 0 512 512\" xmlns=\"http:\/\/www.w3.org\/2000\/svg\"><path d=\"M512 512H0V0h512v512z\"><\/path><\/svg>\t\t\t\t\t\t<\/span>\n\t\t\t\t\t\t\t\t\t\t<span class=\"elementor-icon-list-text\">Actualitzacions<\/span>\n\t\t\t\t\t\t\t\t\t<\/li>\n\t\t\t\t\t\t<\/ul>\n\t\t\t\t\t\t<\/div>\n\t\t\t\t<div class=\"elementor-element elementor-element-f7ecf57 elementor-widget elementor-widget-text-editor\" data-id=\"f7ecf57\" data-element_type=\"widget\" data-e-type=\"widget\" data-widget_type=\"text-editor.default\">\n\t\t\t\t\t\t\t\t\t<p data-start=\"1972\" data-end=\"2073\">INTEGRATEK SDB SL pot actualitzar aquesta Pol\u00edtica de Cookies en funci\u00f3 de canvis legals o t\u00e8cnics.<\/p>\t\t\t\t\t\t\t\t<\/div>\n\t\t\t\t\t<\/div>\n\t\t\t\t<\/div>\n\t\t\t\t<\/div>\n\t\t","protected":false},"excerpt":{"rendered":"<p>POL\u00cdTICA DE COOKIES Qu\u00e8 s\u00f3n les cookies? Les cookies s\u00f3n petits arxius de text que s\u2019emmagatzemen al dispositiu de l\u2019usuari en visitar una p\u00e0gina web. Permeten, entre altres coses, recon\u00e8ixer l\u2019usuari, obtenir informaci\u00f3 sobre els seus h\u00e0bits de navegaci\u00f3 o personalitzar la manera com es mostra el contingut. Tipus de cookies utilitzades El lloc web [&hellip;]<\/p>\n","protected":false},"author":1,"featured_media":0,"parent":0,"menu_order":13,"comment_status":"closed","ping_status":"closed","template":"elementor_header_footer","meta":{"_acf_changed":false,"footnotes":""},"class_list":["post-1634","page","type-page","status-publish","hentry"],"acf":[],"yoast_head":"<!-- This site is optimized with the Yoast SEO plugin v27.3 - https:\/\/yoast.com\/product\/yoast-seo-wordpress\/ -->\n<title>Pol\u00edtica de Cookies | INTEGRATEK SDB SL<\/title>\n<meta name=\"description\" content=\"Informaci\u00f3n sobre el uso de cookies en la web de INTEGRATEK SDB SL. Configuraci\u00f3n, tipos de cookies y c\u00f3mo gestionarlas.\" \/>\n<meta name=\"robots\" content=\"index, follow, max-snippet:-1, max-image-preview:large, max-video-preview:-1\" \/>\n<link rel=\"canonical\" href=\"https:\/\/integratek-sbd.com\/ca\/politica-de-cookies\/\" \/>\n<meta property=\"og:locale\" content=\"ca_ES\" \/>\n<meta property=\"og:type\" content=\"article\" \/>\n<meta property=\"og:title\" content=\"Pol\u00edtica de Cookies | INTEGRATEK SDB SL\" \/>\n<meta property=\"og:description\" content=\"Informaci\u00f3n sobre el uso de cookies en la web de INTEGRATEK SDB SL. Configuraci\u00f3n, tipos de cookies y c\u00f3mo gestionarlas.\" \/>\n<meta property=\"og:url\" content=\"https:\/\/integratek-sbd.com\/ca\/politica-de-cookies\/\" \/>\n<meta property=\"og:site_name\" content=\"integratek-sbd\" \/>\n<meta property=\"article:modified_time\" content=\"2026-04-01T11:37:34+00:00\" \/>\n<meta name=\"twitter:card\" content=\"summary_large_image\" \/>\n<meta name=\"twitter:label1\" content=\"Temps estimat de lectura\" \/>\n\t<meta name=\"twitter:data1\" content=\"1 minut\" \/>\n<script type=\"application\/ld+json\" class=\"yoast-schema-graph\">{\"@context\":\"https:\\\/\\\/schema.org\",\"@graph\":[{\"@type\":\"WebPage\",\"@id\":\"https:\\\/\\\/integratek-sbd.com\\\/ca\\\/politica-de-cookies\\\/\",\"url\":\"https:\\\/\\\/integratek-sbd.com\\\/ca\\\/politica-de-cookies\\\/\",\"name\":\"Pol\u00edtica de Cookies | INTEGRATEK SDB SL\",\"isPartOf\":{\"@id\":\"https:\\\/\\\/integratek-sbd.com\\\/ca\\\/#website\"},\"datePublished\":\"2026-03-11T13:47:41+00:00\",\"dateModified\":\"2026-04-01T11:37:34+00:00\",\"description\":\"Informaci\u00f3n sobre el uso de cookies en la web de INTEGRATEK SDB SL. Configuraci\u00f3n, tipos de cookies y c\u00f3mo gestionarlas.\",\"breadcrumb\":{\"@id\":\"https:\\\/\\\/integratek-sbd.com\\\/ca\\\/politica-de-cookies\\\/#breadcrumb\"},\"inLanguage\":\"ca\",\"potentialAction\":[{\"@type\":\"ReadAction\",\"target\":[\"https:\\\/\\\/integratek-sbd.com\\\/ca\\\/politica-de-cookies\\\/\"]}]},{\"@type\":\"BreadcrumbList\",\"@id\":\"https:\\\/\\\/integratek-sbd.com\\\/ca\\\/politica-de-cookies\\\/#breadcrumb\",\"itemListElement\":[{\"@type\":\"ListItem\",\"position\":1,\"name\":\"Home\",\"item\":\"https:\\\/\\\/integratek-sbd.com\\\/ca\\\/\"},{\"@type\":\"ListItem\",\"position\":2,\"name\":\"Pol\u00edtica de cookies\"}]},{\"@type\":\"WebSite\",\"@id\":\"https:\\\/\\\/integratek-sbd.com\\\/ca\\\/#website\",\"url\":\"https:\\\/\\\/integratek-sbd.com\\\/ca\\\/\",\"name\":\"integratek-sbd\",\"description\":\"\",\"publisher\":{\"@id\":\"https:\\\/\\\/integratek-sbd.com\\\/ca\\\/#organization\"},\"potentialAction\":[{\"@type\":\"SearchAction\",\"target\":{\"@type\":\"EntryPoint\",\"urlTemplate\":\"https:\\\/\\\/integratek-sbd.com\\\/ca\\\/?s={search_term_string}\"},\"query-input\":{\"@type\":\"PropertyValueSpecification\",\"valueRequired\":true,\"valueName\":\"search_term_string\"}}],\"inLanguage\":\"ca\"},{\"@type\":\"Organization\",\"@id\":\"https:\\\/\\\/integratek-sbd.com\\\/ca\\\/#organization\",\"name\":\"integratek-sbd\",\"url\":\"https:\\\/\\\/integratek-sbd.com\\\/ca\\\/\",\"logo\":{\"@type\":\"ImageObject\",\"inLanguage\":\"ca\",\"@id\":\"https:\\\/\\\/integratek-sbd.com\\\/ca\\\/#\\\/schema\\\/logo\\\/image\\\/\",\"url\":\"https:\\\/\\\/integratek-sbd.com\\\/wp-content\\\/uploads\\\/2026\\\/03\\\/logo.png\",\"contentUrl\":\"https:\\\/\\\/integratek-sbd.com\\\/wp-content\\\/uploads\\\/2026\\\/03\\\/logo.png\",\"width\":708,\"height\":228,\"caption\":\"integratek-sbd\"},\"image\":{\"@id\":\"https:\\\/\\\/integratek-sbd.com\\\/ca\\\/#\\\/schema\\\/logo\\\/image\\\/\"}}]}<\/script>\n<!-- \/ Yoast SEO plugin. -->","yoast_head_json":{"title":"Pol\u00edtica de Cookies | INTEGRATEK SDB SL","description":"Informaci\u00f3n sobre el uso de cookies en la web de INTEGRATEK SDB SL. Configuraci\u00f3n, tipos de cookies y c\u00f3mo gestionarlas.","robots":{"index":"index","follow":"follow","max-snippet":"max-snippet:-1","max-image-preview":"max-image-preview:large","max-video-preview":"max-video-preview:-1"},"canonical":"https:\/\/integratek-sbd.com\/ca\/politica-de-cookies\/","og_locale":"ca_ES","og_type":"article","og_title":"Pol\u00edtica de Cookies | INTEGRATEK SDB SL","og_description":"Informaci\u00f3n sobre el uso de cookies en la web de INTEGRATEK SDB SL. Configuraci\u00f3n, tipos de cookies y c\u00f3mo gestionarlas.","og_url":"https:\/\/integratek-sbd.com\/ca\/politica-de-cookies\/","og_site_name":"integratek-sbd","article_modified_time":"2026-04-01T11:37:34+00:00","twitter_card":"summary_large_image","twitter_misc":{"Temps estimat de lectura":"1 minut"},"schema":{"@context":"https:\/\/schema.org","@graph":[{"@type":"WebPage","@id":"https:\/\/integratek-sbd.com\/ca\/politica-de-cookies\/","url":"https:\/\/integratek-sbd.com\/ca\/politica-de-cookies\/","name":"Pol\u00edtica de Cookies | INTEGRATEK SDB SL","isPartOf":{"@id":"https:\/\/integratek-sbd.com\/ca\/#website"},"datePublished":"2026-03-11T13:47:41+00:00","dateModified":"2026-04-01T11:37:34+00:00","description":"Informaci\u00f3n sobre el uso de cookies en la web de INTEGRATEK SDB SL. Configuraci\u00f3n, tipos de cookies y c\u00f3mo gestionarlas.","breadcrumb":{"@id":"https:\/\/integratek-sbd.com\/ca\/politica-de-cookies\/#breadcrumb"},"inLanguage":"ca","potentialAction":[{"@type":"ReadAction","target":["https:\/\/integratek-sbd.com\/ca\/politica-de-cookies\/"]}]},{"@type":"BreadcrumbList","@id":"https:\/\/integratek-sbd.com\/ca\/politica-de-cookies\/#breadcrumb","itemListElement":[{"@type":"ListItem","position":1,"name":"Home","item":"https:\/\/integratek-sbd.com\/ca\/"},{"@type":"ListItem","position":2,"name":"Pol\u00edtica de cookies"}]},{"@type":"WebSite","@id":"https:\/\/integratek-sbd.com\/ca\/#website","url":"https:\/\/integratek-sbd.com\/ca\/","name":"integratek-sbd","description":"","publisher":{"@id":"https:\/\/integratek-sbd.com\/ca\/#organization"},"potentialAction":[{"@type":"SearchAction","target":{"@type":"EntryPoint","urlTemplate":"https:\/\/integratek-sbd.com\/ca\/?s={search_term_string}"},"query-input":{"@type":"PropertyValueSpecification","valueRequired":true,"valueName":"search_term_string"}}],"inLanguage":"ca"},{"@type":"Organization","@id":"https:\/\/integratek-sbd.com\/ca\/#organization","name":"integratek-sbd","url":"https:\/\/integratek-sbd.com\/ca\/","logo":{"@type":"ImageObject","inLanguage":"ca","@id":"https:\/\/integratek-sbd.com\/ca\/#\/schema\/logo\/image\/","url":"https:\/\/integratek-sbd.com\/wp-content\/uploads\/2026\/03\/logo.png","contentUrl":"https:\/\/integratek-sbd.com\/wp-content\/uploads\/2026\/03\/logo.png","width":708,"height":228,"caption":"integratek-sbd"},"image":{"@id":"https:\/\/integratek-sbd.com\/ca\/#\/schema\/logo\/image\/"}}]}},"_links":{"self":[{"href":"https:\/\/integratek-sbd.com\/ca\/wp-json\/wp\/v2\/pages\/1634","targetHints":{"allow":["GET"]}}],"collection":[{"href":"https:\/\/integratek-sbd.com\/ca\/wp-json\/wp\/v2\/pages"}],"about":[{"href":"https:\/\/integratek-sbd.com\/ca\/wp-json\/wp\/v2\/types\/page"}],"author":[{"embeddable":true,"href":"https:\/\/integratek-sbd.com\/ca\/wp-json\/wp\/v2\/users\/1"}],"replies":[{"embeddable":true,"href":"https:\/\/integratek-sbd.com\/ca\/wp-json\/wp\/v2\/comments?post=1634"}],"version-history":[{"count":0,"href":"https:\/\/integratek-sbd.com\/ca\/wp-json\/wp\/v2\/pages\/1634\/revisions"}],"wp:attachment":[{"href":"https:\/\/integratek-sbd.com\/ca\/wp-json\/wp\/v2\/media?parent=1634"}],"curies":[{"name":"wp","href":"https:\/\/api.w.org\/{rel}","templated":true}]}}