{"id":1632,"date":"2026-03-11T13:47:40","date_gmt":"2026-03-11T13:47:40","guid":{"rendered":"https:\/\/integratek-sbd.com\/politica-de-privacitat\/"},"modified":"2026-04-01T11:33:32","modified_gmt":"2026-04-01T11:33:32","slug":"politica-de-privacitat","status":"publish","type":"page","link":"https:\/\/integratek-sbd.com\/ca\/politica-de-privacitat\/","title":{"rendered":"Pol\u00edtica de privacitat<br>"},"content":{"rendered":"\t\t<div data-elementor-type=\"wp-page\" data-elementor-id=\"1632\" class=\"elementor elementor-1632 elementor-76\" data-elementor-post-type=\"page\">\n\t\t\t\t<div class=\"elementor-element elementor-element-9bd8897 e-flex e-con-boxed e-con e-parent\" data-id=\"9bd8897\" data-element_type=\"container\" data-e-type=\"container\" data-settings=\"{&quot;background_background&quot;:&quot;classic&quot;}\">\n\t\t\t\t\t<div class=\"e-con-inner\">\n\t\t\t\t<div class=\"elementor-element elementor-element-ed89dba elementor-widget-mobile__width-inherit elementor-widget elementor-widget-heading\" data-id=\"ed89dba\" data-element_type=\"widget\" data-e-type=\"widget\" data-widget_type=\"heading.default\">\n\t\t\t\t\t<h2 class=\"elementor-heading-title elementor-size-default\">POL\u00cdTICA DE PRIVACITAT<br><\/h2>\t\t\t\t<\/div>\n\t\t\t\t<div class=\"elementor-element elementor-element-5b576de elementor-icon-list--layout-traditional elementor-list-item-link-full_width elementor-widget elementor-widget-icon-list\" data-id=\"5b576de\" data-element_type=\"widget\" data-e-type=\"widget\" data-widget_type=\"icon-list.default\">\n\t\t\t\t\t\t\t<ul class=\"elementor-icon-list-items\">\n\t\t\t\t\t\t\t<li class=\"elementor-icon-list-item\">\n\t\t\t\t\t\t\t\t\t\t\t<span class=\"elementor-icon-list-icon\">\n\t\t\t\t\t\t\t<svg aria-hidden=\"true\" class=\"e-font-icon-svg e-fas-square-full\" viewBox=\"0 0 512 512\" xmlns=\"http:\/\/www.w3.org\/2000\/svg\"><path d=\"M512 512H0V0h512v512z\"><\/path><\/svg>\t\t\t\t\t\t<\/span>\n\t\t\t\t\t\t\t\t\t\t<span class=\"elementor-icon-list-text\">Responsable del tractament<br><\/span>\n\t\t\t\t\t\t\t\t\t<\/li>\n\t\t\t\t\t\t<\/ul>\n\t\t\t\t\t\t<\/div>\n\t\t\t\t<div class=\"elementor-element elementor-element-e28f1ce elementor-widget elementor-widget-text-editor\" data-id=\"e28f1ce\" data-element_type=\"widget\" data-e-type=\"widget\" data-widget_type=\"text-editor.default\">\n\t\t\t\t\t\t\t\t\t<ul><li data-section-id=\"v2m2qf\" data-start=\"106\" data-end=\"140\">Entitat: INTEGRATEK SDB SL<\/li><li data-section-id=\"c1tsbd\" data-start=\"141\" data-end=\"163\"><strong data-start=\"143\" data-end=\"151\">CIF:<\/strong> B61440301<\/li><li data-section-id=\"zuvzfa\" data-start=\"164\" data-end=\"245\">Domicili: C\/ Sant Ferran, 8, Local 4, 08205 Sabadell (Barcelona), Espanya<\/li><li data-section-id=\"rwom6y\" data-start=\"246\" data-end=\"332\"><strong data-start=\"248\" data-end=\"270\">Email de contacte:<\/strong> <a class=\"decorated-link cursor-pointer\" rel=\"noopener\" data-start=\"271\" data-end=\"295\">salva@integratek-sbd.com<\/a> \/ <a class=\"decorated-link cursor-pointer\" rel=\"noopener\" data-start=\"298\" data-end=\"330\">vicenteortega@integratek-sbd.com<\/a><\/li><\/ul>\t\t\t\t\t\t\t\t<\/div>\n\t\t\t\t<div class=\"elementor-element elementor-element-f3e00ab elementor-icon-list--layout-traditional elementor-list-item-link-full_width elementor-widget elementor-widget-icon-list\" data-id=\"f3e00ab\" data-element_type=\"widget\" data-e-type=\"widget\" data-widget_type=\"icon-list.default\">\n\t\t\t\t\t\t\t<ul class=\"elementor-icon-list-items\">\n\t\t\t\t\t\t\t<li class=\"elementor-icon-list-item\">\n\t\t\t\t\t\t\t\t\t\t\t<span class=\"elementor-icon-list-icon\">\n\t\t\t\t\t\t\t<svg aria-hidden=\"true\" class=\"e-font-icon-svg e-fas-square-full\" viewBox=\"0 0 512 512\" xmlns=\"http:\/\/www.w3.org\/2000\/svg\"><path d=\"M512 512H0V0h512v512z\"><\/path><\/svg>\t\t\t\t\t\t<\/span>\n\t\t\t\t\t\t\t\t\t\t<span class=\"elementor-icon-list-text\">Dades personals recollides<br><\/span>\n\t\t\t\t\t\t\t\t\t<\/li>\n\t\t\t\t\t\t<\/ul>\n\t\t\t\t\t\t<\/div>\n\t\t\t\t<div class=\"elementor-element elementor-element-99d6c2e elementor-widget elementor-widget-text-editor\" data-id=\"99d6c2e\" data-element_type=\"widget\" data-e-type=\"widget\" data-widget_type=\"text-editor.default\">\n\t\t\t\t\t\t\t\t\t<p data-start=\"374\" data-end=\"496\">A trav\u00e9s del lloc web <a class=\"decorated-link\" href=\"http:\/\/www.integratek-sbd.com\" target=\"_new\" rel=\"noopener\" data-start=\"397\" data-end=\"419\">www.integratek-sbd.com<\/a> s recullen les seg\u00fcents dades personals mitjan\u00e7ant formularis de contacte:<\/p><ul data-start=\"498\" data-end=\"569\"><li data-section-id=\"bjpw6p\" data-start=\"498\" data-end=\"508\">Nom<\/li><li data-section-id=\"1huh6s0\" data-start=\"509\" data-end=\"544\">Adre\u00e7a de correu electr\u00f2nic<\/li><li data-section-id=\"eg1das\" data-start=\"545\" data-end=\"557\">Tel\u00e8fon<\/li><li data-section-id=\"gpdd9v\" data-start=\"558\" data-end=\"569\">Missatge<\/li><\/ul>\t\t\t\t\t\t\t\t<\/div>\n\t\t\t\t<div class=\"elementor-element elementor-element-e797107 elementor-icon-list--layout-traditional elementor-list-item-link-full_width elementor-widget elementor-widget-icon-list\" data-id=\"e797107\" data-element_type=\"widget\" data-e-type=\"widget\" data-widget_type=\"icon-list.default\">\n\t\t\t\t\t\t\t<ul class=\"elementor-icon-list-items\">\n\t\t\t\t\t\t\t<li class=\"elementor-icon-list-item\">\n\t\t\t\t\t\t\t\t\t\t\t<span class=\"elementor-icon-list-icon\">\n\t\t\t\t\t\t\t<svg aria-hidden=\"true\" class=\"e-font-icon-svg e-fas-square-full\" viewBox=\"0 0 512 512\" xmlns=\"http:\/\/www.w3.org\/2000\/svg\"><path d=\"M512 512H0V0h512v512z\"><\/path><\/svg>\t\t\t\t\t\t<\/span>\n\t\t\t\t\t\t\t\t\t\t<span class=\"elementor-icon-list-text\">Finalitat del tractament<br><\/span>\n\t\t\t\t\t\t\t\t\t<\/li>\n\t\t\t\t\t\t<\/ul>\n\t\t\t\t\t\t<\/div>\n\t\t\t\t<div class=\"elementor-element elementor-element-8a2759a elementor-widget elementor-widget-text-editor\" data-id=\"8a2759a\" data-element_type=\"widget\" data-e-type=\"widget\" data-widget_type=\"text-editor.default\">\n\t\t\t\t\t\t\t\t\t<p data-start=\"610\" data-end=\"689\">Les dades personals facilitades seran tractades amb les seg\u00fcents finalitats:<br><\/p><ul data-start=\"691\" data-end=\"888\"><li data-section-id=\"arvxbk\" data-start=\"691\" data-end=\"760\">Gestionar les sol\u00b7licituds de contacte realitzades pels usuaris<\/li><li data-section-id=\"h11bvy\" data-start=\"761\" data-end=\"819\">Atendre consultes t\u00e8cniques, comercials o informatives<\/li><li data-section-id=\"1qtz057\" data-start=\"820\" data-end=\"888\">Mantenir comunicacions relacionades amb els serveis oferts<br><\/li><\/ul>\t\t\t\t\t\t\t\t<\/div>\n\t\t\t\t<div class=\"elementor-element elementor-element-0d21971 elementor-icon-list--layout-traditional elementor-list-item-link-full_width elementor-widget elementor-widget-icon-list\" data-id=\"0d21971\" data-element_type=\"widget\" data-e-type=\"widget\" data-widget_type=\"icon-list.default\">\n\t\t\t\t\t\t\t<ul class=\"elementor-icon-list-items\">\n\t\t\t\t\t\t\t<li class=\"elementor-icon-list-item\">\n\t\t\t\t\t\t\t\t\t\t\t<span class=\"elementor-icon-list-icon\">\n\t\t\t\t\t\t\t<svg aria-hidden=\"true\" class=\"e-font-icon-svg e-fas-square-full\" viewBox=\"0 0 512 512\" xmlns=\"http:\/\/www.w3.org\/2000\/svg\"><path d=\"M512 512H0V0h512v512z\"><\/path><\/svg>\t\t\t\t\t\t<\/span>\n\t\t\t\t\t\t\t\t\t\t<span class=\"elementor-icon-list-text\">Base legal per al tractament<br><\/span>\n\t\t\t\t\t\t\t\t\t<\/li>\n\t\t\t\t\t\t<\/ul>\n\t\t\t\t\t\t<\/div>\n\t\t\t\t<div class=\"elementor-element elementor-element-a6cc053 elementor-widget elementor-widget-text-editor\" data-id=\"a6cc053\" data-element_type=\"widget\" data-e-type=\"widget\" data-widget_type=\"text-editor.default\">\n\t\t\t\t\t\t\t\t\t<p data-start=\"934\" data-end=\"1053\">El tractament de les dades es basa en el consentiment de l\u2019usuari, atorgat en enviar el formulari de contacte.<br><\/p>\t\t\t\t\t\t\t\t<\/div>\n\t\t\t\t<div class=\"elementor-element elementor-element-0972c4e elementor-icon-list--layout-traditional elementor-list-item-link-full_width elementor-widget elementor-widget-icon-list\" data-id=\"0972c4e\" data-element_type=\"widget\" data-e-type=\"widget\" data-widget_type=\"icon-list.default\">\n\t\t\t\t\t\t\t<ul class=\"elementor-icon-list-items\">\n\t\t\t\t\t\t\t<li class=\"elementor-icon-list-item\">\n\t\t\t\t\t\t\t\t\t\t\t<span class=\"elementor-icon-list-icon\">\n\t\t\t\t\t\t\t<svg aria-hidden=\"true\" class=\"e-font-icon-svg e-fas-square-full\" viewBox=\"0 0 512 512\" xmlns=\"http:\/\/www.w3.org\/2000\/svg\"><path d=\"M512 512H0V0h512v512z\"><\/path><\/svg>\t\t\t\t\t\t<\/span>\n\t\t\t\t\t\t\t\t\t\t<span class=\"elementor-icon-list-text\">Destinataris de les dades<br><\/span>\n\t\t\t\t\t\t\t\t\t<\/li>\n\t\t\t\t\t\t<\/ul>\n\t\t\t\t\t\t<\/div>\n\t\t\t\t<div class=\"elementor-element elementor-element-76a42a3 elementor-widget elementor-widget-text-editor\" data-id=\"76a42a3\" data-element_type=\"widget\" data-e-type=\"widget\" data-widget_type=\"text-editor.default\">\n\t\t\t\t\t\t\t\t\t<p data-start=\"1095\" data-end=\"1152\">No se cediran dades a tercers, excepte obligaci\u00f3 legal.<br><\/p>\t\t\t\t\t\t\t\t<\/div>\n\t\t\t\t<div class=\"elementor-element elementor-element-d86fd51 elementor-icon-list--layout-traditional elementor-list-item-link-full_width elementor-widget elementor-widget-icon-list\" data-id=\"d86fd51\" data-element_type=\"widget\" data-e-type=\"widget\" data-widget_type=\"icon-list.default\">\n\t\t\t\t\t\t\t<ul class=\"elementor-icon-list-items\">\n\t\t\t\t\t\t\t<li class=\"elementor-icon-list-item\">\n\t\t\t\t\t\t\t\t\t\t\t<span class=\"elementor-icon-list-icon\">\n\t\t\t\t\t\t\t<svg aria-hidden=\"true\" class=\"e-font-icon-svg e-fas-square-full\" viewBox=\"0 0 512 512\" xmlns=\"http:\/\/www.w3.org\/2000\/svg\"><path d=\"M512 512H0V0h512v512z\"><\/path><\/svg>\t\t\t\t\t\t<\/span>\n\t\t\t\t\t\t\t\t\t\t<span class=\"elementor-icon-list-text\">Transfer\u00e8ncies internacionals de dades<br><\/span>\n\t\t\t\t\t\t\t\t\t<\/li>\n\t\t\t\t\t\t<\/ul>\n\t\t\t\t\t\t<\/div>\n\t\t\t\t<div class=\"elementor-element elementor-element-550311f elementor-widget elementor-widget-text-editor\" data-id=\"550311f\" data-element_type=\"widget\" data-e-type=\"widget\" data-widget_type=\"text-editor.default\">\n\t\t\t\t\t\t\t\t\t<p data-start=\"1207\" data-end=\"1298\">No es realitzen transfer\u00e8ncies internacionals de dades fora de l\u2019Espai Econ\u00f2mic Europeu.<br><\/p>\t\t\t\t\t\t\t\t<\/div>\n\t\t\t\t<div class=\"elementor-element elementor-element-d9ce92c elementor-icon-list--layout-traditional elementor-list-item-link-full_width elementor-widget elementor-widget-icon-list\" data-id=\"d9ce92c\" data-element_type=\"widget\" data-e-type=\"widget\" data-widget_type=\"icon-list.default\">\n\t\t\t\t\t\t\t<ul class=\"elementor-icon-list-items\">\n\t\t\t\t\t\t\t<li class=\"elementor-icon-list-item\">\n\t\t\t\t\t\t\t\t\t\t\t<span class=\"elementor-icon-list-icon\">\n\t\t\t\t\t\t\t<svg aria-hidden=\"true\" class=\"e-font-icon-svg e-fas-square-full\" viewBox=\"0 0 512 512\" xmlns=\"http:\/\/www.w3.org\/2000\/svg\"><path d=\"M512 512H0V0h512v512z\"><\/path><\/svg>\t\t\t\t\t\t<\/span>\n\t\t\t\t\t\t\t\t\t\t<span class=\"elementor-icon-list-text\">Termini de conservaci\u00f3<br><\/span>\n\t\t\t\t\t\t\t\t\t<\/li>\n\t\t\t\t\t\t<\/ul>\n\t\t\t\t\t\t<\/div>\n\t\t\t\t<div class=\"elementor-element elementor-element-b0e080b elementor-widget elementor-widget-text-editor\" data-id=\"b0e080b\" data-element_type=\"widget\" data-e-type=\"widget\" data-widget_type=\"text-editor.default\">\n\t\t\t\t\t\t\t\t\t<p data-start=\"1335\" data-end=\"1495\">Les dades personals es conservaran durant el temps necessari per atendre la sol\u00b7licitud de l\u2019usuari i, si escau, durant els terminis legalment establerts.<br><\/p>\t\t\t\t\t\t\t\t<\/div>\n\t\t\t\t<div class=\"elementor-element elementor-element-887a83e elementor-icon-list--layout-traditional elementor-list-item-link-full_width elementor-widget elementor-widget-icon-list\" data-id=\"887a83e\" data-element_type=\"widget\" data-e-type=\"widget\" data-widget_type=\"icon-list.default\">\n\t\t\t\t\t\t\t<ul class=\"elementor-icon-list-items\">\n\t\t\t\t\t\t\t<li class=\"elementor-icon-list-item\">\n\t\t\t\t\t\t\t\t\t\t\t<span class=\"elementor-icon-list-icon\">\n\t\t\t\t\t\t\t<svg aria-hidden=\"true\" class=\"e-font-icon-svg e-fas-square-full\" viewBox=\"0 0 512 512\" xmlns=\"http:\/\/www.w3.org\/2000\/svg\"><path d=\"M512 512H0V0h512v512z\"><\/path><\/svg>\t\t\t\t\t\t<\/span>\n\t\t\t\t\t\t\t\t\t\t<span class=\"elementor-icon-list-text\">Drets dels usuaris<br><\/span>\n\t\t\t\t\t\t\t\t\t<\/li>\n\t\t\t\t\t\t<\/ul>\n\t\t\t\t\t\t<\/div>\n\t\t\t\t<div class=\"elementor-element elementor-element-5a12967 elementor-widget elementor-widget-text-editor\" data-id=\"5a12967\" data-element_type=\"widget\" data-e-type=\"widget\" data-widget_type=\"text-editor.default\">\n\t\t\t\t\t\t\t\t\t<p data-start=\"1535\" data-end=\"1584\">L\u2019usuari pot exercir els seg\u00fcents drets:<br><\/p><ul data-start=\"1586\" data-end=\"1773\"><li data-section-id=\"1ia252f\" data-start=\"1586\" data-end=\"1619\">Acc\u00e9s a les seves dades personals<\/li><li data-section-id=\"4w0x2f\" data-start=\"1620\" data-end=\"1656\">Rectificaci\u00f3 de dades inexactes<\/li><li data-section-id=\"15tge1j\" data-start=\"1657\" data-end=\"1683\">Supressi\u00f3 de les seves dades<\/li><li data-section-id=\"i1ex4u\" data-start=\"1684\" data-end=\"1712\">Oposici\u00f3 al tractament<\/li><li data-section-id=\"h4f20w\" data-start=\"1713\" data-end=\"1743\">Limitaci\u00f3 del tractament<\/li><li data-section-id=\"1hiy6ar\" data-start=\"1744\" data-end=\"1773\">Portabilitat de les dades<\/li><\/ul><p data-start=\"1775\" data-end=\"1900\">Per exercir aquests drets, pot enviar una sol\u00b7licitud a:<br data-start=\"1833\" data-end=\"1836\">\ud83d\udce7 <a class=\"decorated-link cursor-pointer\" rel=\"noopener\" data-start=\"1839\" data-end=\"1863\">salva@integratek-sbd.com<\/a> \/ <a class=\"decorated-link cursor-pointer\" rel=\"noopener\" data-start=\"1866\" data-end=\"1898\">vicenteortega@integratek-sbd.com<\/a><\/p>\t\t\t\t\t\t\t\t<\/div>\n\t\t\t\t<div class=\"elementor-element elementor-element-b635fae elementor-icon-list--layout-traditional elementor-list-item-link-full_width elementor-widget elementor-widget-icon-list\" data-id=\"b635fae\" data-element_type=\"widget\" data-e-type=\"widget\" data-widget_type=\"icon-list.default\">\n\t\t\t\t\t\t\t<ul class=\"elementor-icon-list-items\">\n\t\t\t\t\t\t\t<li class=\"elementor-icon-list-item\">\n\t\t\t\t\t\t\t\t\t\t\t<span class=\"elementor-icon-list-icon\">\n\t\t\t\t\t\t\t<svg aria-hidden=\"true\" class=\"e-font-icon-svg e-fas-square-full\" viewBox=\"0 0 512 512\" xmlns=\"http:\/\/www.w3.org\/2000\/svg\"><path d=\"M512 512H0V0h512v512z\"><\/path><\/svg>\t\t\t\t\t\t<\/span>\n\t\t\t\t\t\t\t\t\t\t<span class=\"elementor-icon-list-text\">Seguretat de les dades<br><\/span>\n\t\t\t\t\t\t\t\t\t<\/li>\n\t\t\t\t\t\t<\/ul>\n\t\t\t\t\t\t<\/div>\n\t\t\t\t<div class=\"elementor-element elementor-element-143839d elementor-widget elementor-widget-text-editor\" data-id=\"143839d\" data-element_type=\"widget\" data-e-type=\"widget\" data-widget_type=\"text-editor.default\">\n\t\t\t\t\t\t\t\t\t<p data-start=\"1938\" data-end=\"2095\">INTEGRATEK SDB SL aplica les mesures t\u00e8cniques i organitzatives necess\u00e0ries per garantir la seguretat, integritat i confidencialitat de les dades personals.<br><\/p>\t\t\t\t\t\t\t\t<\/div>\n\t\t\t\t<div class=\"elementor-element elementor-element-7a79703 elementor-icon-list--layout-traditional elementor-list-item-link-full_width elementor-widget elementor-widget-icon-list\" data-id=\"7a79703\" data-element_type=\"widget\" data-e-type=\"widget\" data-widget_type=\"icon-list.default\">\n\t\t\t\t\t\t\t<ul class=\"elementor-icon-list-items\">\n\t\t\t\t\t\t\t<li class=\"elementor-icon-list-item\">\n\t\t\t\t\t\t\t\t\t\t\t<span class=\"elementor-icon-list-icon\">\n\t\t\t\t\t\t\t<svg aria-hidden=\"true\" class=\"e-font-icon-svg e-fas-square-full\" viewBox=\"0 0 512 512\" xmlns=\"http:\/\/www.w3.org\/2000\/svg\"><path d=\"M512 512H0V0h512v512z\"><\/path><\/svg>\t\t\t\t\t\t<\/span>\n\t\t\t\t\t\t\t\t\t\t<span class=\"elementor-icon-list-text\">Canvis en la pol\u00edtica de privacitat<br><\/span>\n\t\t\t\t\t\t\t\t\t<\/li>\n\t\t\t\t\t\t<\/ul>\n\t\t\t\t\t\t<\/div>\n\t\t\t\t<div class=\"elementor-element elementor-element-6c70456 elementor-widget elementor-widget-text-editor\" data-id=\"6c70456\" data-element_type=\"widget\" data-e-type=\"widget\" data-widget_type=\"text-editor.default\">\n\t\t\t\t\t\t\t\t\t<p data-start=\"2148\" data-end=\"2281\">INTEGRATEK SDB SL es reserva el dret a modificar la present pol\u00edtica per adaptar-la a novetats legislatives o jurisprudencials.<\/p>\t\t\t\t\t\t\t\t<\/div>\n\t\t\t\t\t<\/div>\n\t\t\t\t<\/div>\n\t\t\t\t<\/div>\n\t\t","protected":false},"excerpt":{"rendered":"<p>POL\u00cdTICA DE PRIVACITAT Responsable del tractament Entitat: INTEGRATEK SDB SL CIF: B61440301 Domicili: C\/ Sant Ferran, 8, Local 4, 08205 Sabadell (Barcelona), Espanya Email de contacte: salva@integratek-sbd.com \/ vicenteortega@integratek-sbd.com Dades personals recollides A trav\u00e9s del lloc web www.integratek-sbd.com s recullen les seg\u00fcents dades personals mitjan\u00e7ant formularis de contacte: Nom Adre\u00e7a de correu electr\u00f2nic Tel\u00e8fon Missatge [&hellip;]<\/p>\n","protected":false},"author":1,"featured_media":0,"parent":0,"menu_order":12,"comment_status":"closed","ping_status":"closed","template":"elementor_header_footer","meta":{"_acf_changed":false,"footnotes":""},"class_list":["post-1632","page","type-page","status-publish","hentry"],"acf":[],"yoast_head":"<!-- This site is optimized with the Yoast SEO plugin v27.3 - https:\/\/yoast.com\/product\/yoast-seo-wordpress\/ -->\n<title>Pol\u00edtica de Privacidad | INTEGRATEK SDB SL<\/title>\n<meta name=\"description\" content=\"Informaci\u00f3n sobre el tratamiento de datos personales en INTEGRATEK SDB SL: formularios de contacto, finalidad y derechos del usuario.\" \/>\n<meta name=\"robots\" content=\"index, follow, max-snippet:-1, max-image-preview:large, max-video-preview:-1\" \/>\n<link rel=\"canonical\" href=\"https:\/\/integratek-sbd.com\/ca\/politica-de-privacitat\/\" \/>\n<meta property=\"og:locale\" content=\"ca_ES\" \/>\n<meta property=\"og:type\" content=\"article\" \/>\n<meta property=\"og:title\" content=\"Pol\u00edtica de Privacidad | INTEGRATEK SDB SL\" \/>\n<meta property=\"og:description\" content=\"Informaci\u00f3n sobre el tratamiento de datos personales en INTEGRATEK SDB SL: formularios de contacto, finalidad y derechos del usuario.\" \/>\n<meta property=\"og:url\" content=\"https:\/\/integratek-sbd.com\/ca\/politica-de-privacitat\/\" \/>\n<meta property=\"og:site_name\" content=\"integratek-sbd\" \/>\n<meta property=\"article:modified_time\" content=\"2026-04-01T11:33:32+00:00\" \/>\n<meta name=\"twitter:card\" content=\"summary_large_image\" \/>\n<meta name=\"twitter:label1\" content=\"Temps estimat de lectura\" \/>\n\t<meta name=\"twitter:data1\" content=\"1 minut\" \/>\n<script type=\"application\/ld+json\" class=\"yoast-schema-graph\">{\"@context\":\"https:\\\/\\\/schema.org\",\"@graph\":[{\"@type\":\"WebPage\",\"@id\":\"https:\\\/\\\/integratek-sbd.com\\\/ca\\\/politica-de-privacitat\\\/\",\"url\":\"https:\\\/\\\/integratek-sbd.com\\\/ca\\\/politica-de-privacitat\\\/\",\"name\":\"Pol\u00edtica de Privacidad | INTEGRATEK SDB SL\",\"isPartOf\":{\"@id\":\"https:\\\/\\\/integratek-sbd.com\\\/ca\\\/#website\"},\"datePublished\":\"2026-03-11T13:47:40+00:00\",\"dateModified\":\"2026-04-01T11:33:32+00:00\",\"description\":\"Informaci\u00f3n sobre el tratamiento de datos personales en INTEGRATEK SDB SL: formularios de contacto, finalidad y derechos del usuario.\",\"breadcrumb\":{\"@id\":\"https:\\\/\\\/integratek-sbd.com\\\/ca\\\/politica-de-privacitat\\\/#breadcrumb\"},\"inLanguage\":\"ca\",\"potentialAction\":[{\"@type\":\"ReadAction\",\"target\":[\"https:\\\/\\\/integratek-sbd.com\\\/ca\\\/politica-de-privacitat\\\/\"]}]},{\"@type\":\"BreadcrumbList\",\"@id\":\"https:\\\/\\\/integratek-sbd.com\\\/ca\\\/politica-de-privacitat\\\/#breadcrumb\",\"itemListElement\":[{\"@type\":\"ListItem\",\"position\":1,\"name\":\"Home\",\"item\":\"https:\\\/\\\/integratek-sbd.com\\\/ca\\\/\"},{\"@type\":\"ListItem\",\"position\":2,\"name\":\"Pol\u00edtica de privacitat\"}]},{\"@type\":\"WebSite\",\"@id\":\"https:\\\/\\\/integratek-sbd.com\\\/ca\\\/#website\",\"url\":\"https:\\\/\\\/integratek-sbd.com\\\/ca\\\/\",\"name\":\"integratek-sbd\",\"description\":\"\",\"publisher\":{\"@id\":\"https:\\\/\\\/integratek-sbd.com\\\/ca\\\/#organization\"},\"potentialAction\":[{\"@type\":\"SearchAction\",\"target\":{\"@type\":\"EntryPoint\",\"urlTemplate\":\"https:\\\/\\\/integratek-sbd.com\\\/ca\\\/?s={search_term_string}\"},\"query-input\":{\"@type\":\"PropertyValueSpecification\",\"valueRequired\":true,\"valueName\":\"search_term_string\"}}],\"inLanguage\":\"ca\"},{\"@type\":\"Organization\",\"@id\":\"https:\\\/\\\/integratek-sbd.com\\\/ca\\\/#organization\",\"name\":\"integratek-sbd\",\"url\":\"https:\\\/\\\/integratek-sbd.com\\\/ca\\\/\",\"logo\":{\"@type\":\"ImageObject\",\"inLanguage\":\"ca\",\"@id\":\"https:\\\/\\\/integratek-sbd.com\\\/ca\\\/#\\\/schema\\\/logo\\\/image\\\/\",\"url\":\"https:\\\/\\\/integratek-sbd.com\\\/wp-content\\\/uploads\\\/2026\\\/03\\\/logo.png\",\"contentUrl\":\"https:\\\/\\\/integratek-sbd.com\\\/wp-content\\\/uploads\\\/2026\\\/03\\\/logo.png\",\"width\":708,\"height\":228,\"caption\":\"integratek-sbd\"},\"image\":{\"@id\":\"https:\\\/\\\/integratek-sbd.com\\\/ca\\\/#\\\/schema\\\/logo\\\/image\\\/\"}}]}<\/script>\n<!-- \/ Yoast SEO plugin. -->","yoast_head_json":{"title":"Pol\u00edtica de Privacidad | INTEGRATEK SDB SL","description":"Informaci\u00f3n sobre el tratamiento de datos personales en INTEGRATEK SDB SL: formularios de contacto, finalidad y derechos del usuario.","robots":{"index":"index","follow":"follow","max-snippet":"max-snippet:-1","max-image-preview":"max-image-preview:large","max-video-preview":"max-video-preview:-1"},"canonical":"https:\/\/integratek-sbd.com\/ca\/politica-de-privacitat\/","og_locale":"ca_ES","og_type":"article","og_title":"Pol\u00edtica de Privacidad | INTEGRATEK SDB SL","og_description":"Informaci\u00f3n sobre el tratamiento de datos personales en INTEGRATEK SDB SL: formularios de contacto, finalidad y derechos del usuario.","og_url":"https:\/\/integratek-sbd.com\/ca\/politica-de-privacitat\/","og_site_name":"integratek-sbd","article_modified_time":"2026-04-01T11:33:32+00:00","twitter_card":"summary_large_image","twitter_misc":{"Temps estimat de lectura":"1 minut"},"schema":{"@context":"https:\/\/schema.org","@graph":[{"@type":"WebPage","@id":"https:\/\/integratek-sbd.com\/ca\/politica-de-privacitat\/","url":"https:\/\/integratek-sbd.com\/ca\/politica-de-privacitat\/","name":"Pol\u00edtica de Privacidad | INTEGRATEK SDB SL","isPartOf":{"@id":"https:\/\/integratek-sbd.com\/ca\/#website"},"datePublished":"2026-03-11T13:47:40+00:00","dateModified":"2026-04-01T11:33:32+00:00","description":"Informaci\u00f3n sobre el tratamiento de datos personales en INTEGRATEK SDB SL: formularios de contacto, finalidad y derechos del usuario.","breadcrumb":{"@id":"https:\/\/integratek-sbd.com\/ca\/politica-de-privacitat\/#breadcrumb"},"inLanguage":"ca","potentialAction":[{"@type":"ReadAction","target":["https:\/\/integratek-sbd.com\/ca\/politica-de-privacitat\/"]}]},{"@type":"BreadcrumbList","@id":"https:\/\/integratek-sbd.com\/ca\/politica-de-privacitat\/#breadcrumb","itemListElement":[{"@type":"ListItem","position":1,"name":"Home","item":"https:\/\/integratek-sbd.com\/ca\/"},{"@type":"ListItem","position":2,"name":"Pol\u00edtica de privacitat"}]},{"@type":"WebSite","@id":"https:\/\/integratek-sbd.com\/ca\/#website","url":"https:\/\/integratek-sbd.com\/ca\/","name":"integratek-sbd","description":"","publisher":{"@id":"https:\/\/integratek-sbd.com\/ca\/#organization"},"potentialAction":[{"@type":"SearchAction","target":{"@type":"EntryPoint","urlTemplate":"https:\/\/integratek-sbd.com\/ca\/?s={search_term_string}"},"query-input":{"@type":"PropertyValueSpecification","valueRequired":true,"valueName":"search_term_string"}}],"inLanguage":"ca"},{"@type":"Organization","@id":"https:\/\/integratek-sbd.com\/ca\/#organization","name":"integratek-sbd","url":"https:\/\/integratek-sbd.com\/ca\/","logo":{"@type":"ImageObject","inLanguage":"ca","@id":"https:\/\/integratek-sbd.com\/ca\/#\/schema\/logo\/image\/","url":"https:\/\/integratek-sbd.com\/wp-content\/uploads\/2026\/03\/logo.png","contentUrl":"https:\/\/integratek-sbd.com\/wp-content\/uploads\/2026\/03\/logo.png","width":708,"height":228,"caption":"integratek-sbd"},"image":{"@id":"https:\/\/integratek-sbd.com\/ca\/#\/schema\/logo\/image\/"}}]}},"_links":{"self":[{"href":"https:\/\/integratek-sbd.com\/ca\/wp-json\/wp\/v2\/pages\/1632","targetHints":{"allow":["GET"]}}],"collection":[{"href":"https:\/\/integratek-sbd.com\/ca\/wp-json\/wp\/v2\/pages"}],"about":[{"href":"https:\/\/integratek-sbd.com\/ca\/wp-json\/wp\/v2\/types\/page"}],"author":[{"embeddable":true,"href":"https:\/\/integratek-sbd.com\/ca\/wp-json\/wp\/v2\/users\/1"}],"replies":[{"embeddable":true,"href":"https:\/\/integratek-sbd.com\/ca\/wp-json\/wp\/v2\/comments?post=1632"}],"version-history":[{"count":0,"href":"https:\/\/integratek-sbd.com\/ca\/wp-json\/wp\/v2\/pages\/1632\/revisions"}],"wp:attachment":[{"href":"https:\/\/integratek-sbd.com\/ca\/wp-json\/wp\/v2\/media?parent=1632"}],"curies":[{"name":"wp","href":"https:\/\/api.w.org\/{rel}","templated":true}]}}