{"id":1612,"date":"2026-03-11T13:47:33","date_gmt":"2026-03-11T13:47:33","guid":{"rendered":"https:\/\/integratek-sbd.com\/contacte\/"},"modified":"2026-04-08T09:54:31","modified_gmt":"2026-04-08T09:54:31","slug":"contacte","status":"publish","type":"page","link":"https:\/\/integratek-sbd.com\/ca\/contacte\/","title":{"rendered":"Contacte"},"content":{"rendered":"\t\t<div data-elementor-type=\"wp-page\" data-elementor-id=\"1612\" class=\"elementor elementor-1612 elementor-51\" data-elementor-post-type=\"page\">\n\t\t\t\t<div class=\"elementor-element elementor-element-6b932f7 e-con-full e-flex e-con e-parent\" data-id=\"6b932f7\" data-element_type=\"container\" data-e-type=\"container\" data-settings=\"{&quot;background_background&quot;:&quot;classic&quot;}\">\n\t\t<div class=\"elementor-element elementor-element-76ccf67 e-con-full e-flex e-con e-child\" data-id=\"76ccf67\" data-element_type=\"container\" data-e-type=\"container\">\n\t\t\t\t<div class=\"elementor-element elementor-element-fa72ae2 elementor-widget elementor-widget-heading\" data-id=\"fa72ae2\" data-element_type=\"widget\" data-e-type=\"widget\" data-widget_type=\"heading.default\">\n\t\t\t\t\t<h2 class=\"elementor-heading-title elementor-size-default\">Contacte<\/h2>\t\t\t\t<\/div>\n\t\t\t\t<div class=\"elementor-element elementor-element-4490d28 elementor-widget elementor-widget-text-editor\" data-id=\"4490d28\" data-element_type=\"widget\" data-e-type=\"widget\" data-widget_type=\"text-editor.default\">\n\t\t\t\t\t\t\t\t\t<p>Aportem solucions tecnol\u00f2giques personalitzades per a cadascun dels nostres clients.<\/p>\t\t\t\t\t\t\t\t<\/div>\n\t\t\t\t<\/div>\n\t\t\t\t<\/div>\n\t\t<div class=\"elementor-element elementor-element-0cf01d9 e-con-full e-flex e-con e-parent\" data-id=\"0cf01d9\" data-element_type=\"container\" data-e-type=\"container\" data-settings=\"{&quot;background_background&quot;:&quot;classic&quot;}\">\n\t\t<div class=\"elementor-element elementor-element-03197fb e-con-full e-flex e-con e-child\" data-id=\"03197fb\" data-element_type=\"container\" data-e-type=\"container\">\n\t\t<div class=\"elementor-element elementor-element-c10c9c6 e-con-full e-flex e-con e-child\" data-id=\"c10c9c6\" data-element_type=\"container\" data-e-type=\"container\" data-settings=\"{&quot;background_background&quot;:&quot;classic&quot;}\">\n\t\t<div class=\"elementor-element elementor-element-8bee8ae e-con-full e-flex e-con e-child\" data-id=\"8bee8ae\" data-element_type=\"container\" data-e-type=\"container\" data-settings=\"{&quot;background_background&quot;:&quot;classic&quot;}\">\n\t\t\t\t<div class=\"elementor-element elementor-element-d3e580a elementor-button-align-start elementor-mobile-button-align-start elementor-widget elementor-widget-form\" data-id=\"d3e580a\" data-element_type=\"widget\" data-e-type=\"widget\" data-settings=\"{&quot;step_next_label&quot;:&quot;Seg\\u00fcent&quot;,&quot;step_previous_label&quot;:&quot;Anterior&quot;,&quot;button_width&quot;:&quot;100&quot;,&quot;step_type&quot;:&quot;number_text&quot;,&quot;step_icon_shape&quot;:&quot;circle&quot;}\" data-widget_type=\"form.default\">\n\t\t\t\t\t\t\t<form class=\"elementor-form\" method=\"post\" name=\"Formulari de contacte\" aria-label=\"Formulari de contacte\">\n\t\t\t<input type=\"hidden\" name=\"post_id\" value=\"1612\"\/>\n\t\t\t<input type=\"hidden\" name=\"form_id\" value=\"d3e580a\"\/>\n\t\t\t<input type=\"hidden\" name=\"referer_title\" value=\"Contacte - integratek-sbd\" \/>\n\n\t\t\t\t\t\t\t<input type=\"hidden\" name=\"queried_id\" value=\"1612\"\/>\n\t\t\t\n\t\t\t<div class=\"elementor-form-fields-wrapper elementor-labels-\">\n\t\t\t\t\t\t\t\t<div class=\"elementor-field-type-text elementor-field-group elementor-column elementor-field-group-field_d5c06d1 elementor-col-100\">\n\t\t\t\t\t\t\t\t\t\t\t\t<label for=\"form-field-field_d5c06d1\" class=\"elementor-field-label elementor-screen-only\">\n\t\t\t\t\t\t\t\tNom\t\t\t\t\t\t\t<\/label>\n\t\t\t\t\t\t\t\t\t\t\t\t\t\t<input size=\"1\" type=\"text\" name=\"form_fields[field_d5c06d1]\" id=\"form-field-field_d5c06d1\" class=\"elementor-field elementor-size-md  elementor-field-textual\" placeholder=\"Nom\">\n\t\t\t\t\t\t\t\t\t\t\t<\/div>\n\t\t\t\t\t\t\t\t<div class=\"elementor-field-type-email elementor-field-group elementor-column elementor-field-group-field_1 elementor-col-50 elementor-field-required\">\n\t\t\t\t\t\t\t\t\t\t\t\t<label for=\"form-field-field_1\" class=\"elementor-field-label elementor-screen-only\">\n\t\t\t\t\t\t\t\tCorreu electr\u00f2nic\t\t\t\t\t\t\t<\/label>\n\t\t\t\t\t\t\t\t\t\t\t\t\t\t<input size=\"1\" type=\"email\" name=\"form_fields[field_1]\" id=\"form-field-field_1\" class=\"elementor-field elementor-size-md  elementor-field-textual\" placeholder=\"Correu electr\u00f2nic\" required=\"required\">\n\t\t\t\t\t\t\t\t\t\t\t<\/div>\n\t\t\t\t\t\t\t\t<div class=\"elementor-field-type-tel elementor-field-group elementor-column elementor-field-group-field_df083b8 elementor-col-50\">\n\t\t\t\t\t\t\t\t\t\t\t\t<label for=\"form-field-field_df083b8\" class=\"elementor-field-label elementor-screen-only\">\n\t\t\t\t\t\t\t\tTel\u00e8fon\t\t\t\t\t\t\t<\/label>\n\t\t\t\t\t\t\t\t<input size=\"1\" type=\"tel\" name=\"form_fields[field_df083b8]\" id=\"form-field-field_df083b8\" class=\"elementor-field elementor-size-md  elementor-field-textual\" placeholder=\"Tel\u00e8fon\" pattern=\"[0-9()#&amp;+*-=.]+\" title=\"Only numbers and phone characters (#, -, *, etc) are accepted.\">\n\n\t\t\t\t\t\t<\/div>\n\t\t\t\t\t\t\t\t<div class=\"elementor-field-type-select elementor-field-group elementor-column elementor-field-group-field_f68e216 elementor-col-100\">\n\t\t\t\t\t\t\t\t\t\t\t\t<label for=\"form-field-field_f68e216\" class=\"elementor-field-label elementor-screen-only\">\n\t\t\t\t\t\t\t\tServei\t\t\t\t\t\t\t<\/label>\n\t\t\t\t\t\t\t\t<div class=\"elementor-field elementor-select-wrapper remove-before \">\n\t\t\t<div class=\"select-caret-down-wrapper\">\n\t\t\t\t<svg aria-hidden=\"true\" class=\"e-font-icon-svg e-eicon-caret-down\" viewBox=\"0 0 571.4 571.4\" xmlns=\"http:\/\/www.w3.org\/2000\/svg\"><path d=\"M571 393Q571 407 561 418L311 668Q300 679 286 679T261 668L11 418Q0 407 0 393T11 368 36 357H536Q550 357 561 368T571 393Z\"><\/path><\/svg>\t\t\t<\/div>\n\t\t\t<select name=\"form_fields[field_f68e216]\" id=\"form-field-field_f68e216\" class=\"elementor-field-textual elementor-size-md\">\n\t\t\t\t\t\t\t\t\t<option value=\"Automatitzaci\u00f3 industrial i projectes clau en m\u00e0\">Automatitzaci\u00f3 industrial i projectes clau en m\u00e0<\/option>\n\t\t\t\t\t\t\t\t\t<option value=\"Electr\u00f2nica industrial, disseny de PCB i prototips\">Electr\u00f2nica industrial, disseny de PCB i prototips<\/option>\n\t\t\t\t\t\t\t\t\t<option value=\"Altres\">Altres<\/option>\n\t\t\t\t\t\t\t<\/select>\n\t\t<\/div>\n\t\t\t\t\t\t<\/div>\n\t\t\t\t\t\t\t\t<div class=\"elementor-field-type-textarea elementor-field-group elementor-column elementor-field-group-field_22322a7 elementor-col-100\">\n\t\t\t\t\t\t\t\t\t\t\t\t<label for=\"form-field-field_22322a7\" class=\"elementor-field-label elementor-screen-only\">\n\t\t\t\t\t\t\t\tMissatge\t\t\t\t\t\t\t<\/label>\n\t\t\t\t\t\t<textarea class=\"elementor-field-textual elementor-field  elementor-size-md\" name=\"form_fields[field_22322a7]\" id=\"form-field-field_22322a7\" rows=\"3\" placeholder=\"Missatge\"><\/textarea>\t\t\t\t<\/div>\n\t\t\t\t\t\t\t\t<div class=\"elementor-field-group elementor-column elementor-field-type-submit elementor-col-100 e-form__buttons\">\n\t\t\t\t\t<button class=\"elementor-button elementor-size-sm\" type=\"submit\">\n\t\t\t\t\t\t<span class=\"elementor-button-content-wrapper\">\n\t\t\t\t\t\t\t\t\t\t\t\t\t\t\t\t\t\t\t\t\t\t<span class=\"elementor-button-text\">Enviar<\/span>\n\t\t\t\t\t\t\t\t\t\t\t\t\t<\/span>\n\t\t\t\t\t<\/button>\n\t\t\t\t<\/div>\n\t\t\t<\/div>\n\t\t<\/form>\n\t\t\t\t\t\t<\/div>\n\t\t\t\t<\/div>\n\t\t\t\t<\/div>\n\t\t\t\t<\/div>\n\t\t<div class=\"elementor-element elementor-element-d5f9c73 e-con-full elementor-hidden-laptop e-flex e-con e-child\" data-id=\"d5f9c73\" data-element_type=\"container\" data-e-type=\"container\">\n\t\t\t\t<div class=\"elementor-element elementor-element-b6e1ef6 elementor-hidden-tablet elementor-hidden-mobile elementor-widget elementor-widget-image\" data-id=\"b6e1ef6\" data-element_type=\"widget\" data-e-type=\"widget\" data-widget_type=\"image.default\">\n\t\t\t\t\t\t\t\t\t\t\t\t\t\t\t<img fetchpriority=\"high\" decoding=\"async\" width=\"1600\" height=\"1200\" src=\"https:\/\/integratek-sbd.com\/wp-content\/uploads\/2026\/03\/fotointegratek18.webp\" class=\"attachment-full size-full wp-image-1560\" alt=\"\" srcset=\"https:\/\/integratek-sbd.com\/wp-content\/uploads\/2026\/03\/fotointegratek18.webp 1600w, https:\/\/integratek-sbd.com\/wp-content\/uploads\/2026\/03\/fotointegratek18-300x225.webp 300w, https:\/\/integratek-sbd.com\/wp-content\/uploads\/2026\/03\/fotointegratek18-1024x768.webp 1024w, https:\/\/integratek-sbd.com\/wp-content\/uploads\/2026\/03\/fotointegratek18-768x576.webp 768w, https:\/\/integratek-sbd.com\/wp-content\/uploads\/2026\/03\/fotointegratek18-1536x1152.webp 1536w, https:\/\/integratek-sbd.com\/wp-content\/uploads\/2026\/03\/fotointegratek18-600x450.webp 600w\" sizes=\"(max-width: 1600px) 100vw, 1600px\" \/>\t\t\t\t\t\t\t\t\t\t\t\t\t\t\t<\/div>\n\t\t\t\t<\/div>\n\t\t\t\t<\/div>\n\t\t<div class=\"elementor-element elementor-element-945c759 e-con-full e-flex e-con e-parent\" data-id=\"945c759\" data-element_type=\"container\" data-e-type=\"container\" data-settings=\"{&quot;background_background&quot;:&quot;classic&quot;,&quot;motion_fx_motion_fx_scrolling&quot;:&quot;yes&quot;,&quot;motion_fx_devices&quot;:[&quot;widescreen&quot;,&quot;desktop&quot;,&quot;laptop&quot;,&quot;tablet&quot;,&quot;mobile&quot;]}\">\n\t\t<div class=\"elementor-element elementor-element-234f93a e-con-full e-flex e-con e-child\" data-id=\"234f93a\" data-element_type=\"container\" data-e-type=\"container\">\n\t\t\t\t<div class=\"elementor-element elementor-element-98ea5dc elementor-widget__width-inherit elementor-widget elementor-widget-google_maps\" data-id=\"98ea5dc\" data-element_type=\"widget\" data-e-type=\"widget\" data-widget_type=\"google_maps.default\">\n\t\t\t\t\t\t\t<div class=\"elementor-custom-embed\">\n\t\t\t<iframe loading=\"lazy\"\n\t\t\t\t\tsrc=\"https:\/\/maps.google.com\/maps?q=Carrer%20de%20Sant%20Ferran%2C%208%2C%2008205%20Sabadell%2C%20Barcelona%2C%20Espa%C3%B1a&#038;t=m&#038;z=11&#038;output=embed&#038;iwloc=near\"\n\t\t\t\t\ttitle=\"Carrer de Sant Ferran, 8, 08205 Sabadell, Barcelona, Espa\u00f1a\"\n\t\t\t\t\taria-label=\"Carrer de Sant Ferran, 8, 08205 Sabadell, Barcelona, Espa\u00f1a\"\n\t\t\t><\/iframe>\n\t\t<\/div>\n\t\t\t\t\t\t<\/div>\n\t\t\t\t<\/div>\n\t\t\t\t<\/div>\n\t\t<div class=\"elementor-element elementor-element-28f2478 e-con-full e-flex e-con e-parent\" data-id=\"28f2478\" data-element_type=\"container\" data-e-type=\"container\" data-settings=\"{&quot;background_background&quot;:&quot;classic&quot;}\">\n\t\t<div class=\"elementor-element elementor-element-2ba8e21 e-con-full e-flex e-con e-child\" data-id=\"2ba8e21\" data-element_type=\"container\" data-e-type=\"container\">\n\t\t\t\t<div class=\"elementor-element elementor-element-64dc4ab elementor-widget elementor-widget-text-editor\" data-id=\"64dc4ab\" data-element_type=\"widget\" data-e-type=\"widget\" data-widget_type=\"text-editor.default\">\n\t\t\t\t\t\t\t\t\t<p>La proximitat, l&#8217;experi\u00e8ncia i la versatilitat, unides a m\u00e9s de 30 anys d&#8217;experi\u00e8ncia, ens defineixen.<\/p>\t\t\t\t\t\t\t\t<\/div>\n\t\t\t\t<\/div>\n\t\t<div class=\"elementor-element elementor-element-e2eaba3 e-con-full e-flex e-con e-child\" data-id=\"e2eaba3\" data-element_type=\"container\" data-e-type=\"container\">\n\t\t\t\t<div class=\"elementor-element elementor-element-11510a6 elementor-widget elementor-widget-button\" data-id=\"11510a6\" data-element_type=\"widget\" data-e-type=\"widget\" data-widget_type=\"button.default\">\n\t\t\t\t\t\t\t\t\t\t<a class=\"elementor-button elementor-button-link elementor-size-sm\" href=\"#\">\n\t\t\t\t\t\t<span class=\"elementor-button-content-wrapper\">\n\t\t\t\t\t\t\t\t\t<span class=\"elementor-button-text\">Contactar ara<\/span>\n\t\t\t\t\t<\/span>\n\t\t\t\t\t<\/a>\n\t\t\t\t\t\t\t\t<\/div>\n\t\t\t\t<\/div>\n\t\t\t\t<\/div>\n\t\t\t\t<\/div>\n\t\t","protected":false},"excerpt":{"rendered":"<p>Contacte Aportem solucions tecnol\u00f2giques personalitzades per a cadascun dels nostres clients. La proximitat, l&#8217;experi\u00e8ncia i la versatilitat, unides a m\u00e9s de 30 anys d&#8217;experi\u00e8ncia, ens defineixen. Contactar ara<\/p>\n","protected":false},"author":1,"featured_media":0,"parent":0,"menu_order":10,"comment_status":"closed","ping_status":"closed","template":"elementor_header_footer","meta":{"_acf_changed":false,"footnotes":""},"class_list":["post-1612","page","type-page","status-publish","hentry"],"acf":[],"yoast_head":"<!-- This site is optimized with the Yoast SEO plugin v27.3 - https:\/\/yoast.com\/product\/yoast-seo-wordpress\/ -->\n<title>Contacte - integratek-sbd<\/title>\n<meta name=\"robots\" content=\"index, follow, max-snippet:-1, max-image-preview:large, max-video-preview:-1\" \/>\n<link rel=\"canonical\" href=\"https:\/\/integratek-sbd.com\/ca\/contacte\/\" \/>\n<meta property=\"og:locale\" content=\"ca_ES\" \/>\n<meta property=\"og:type\" content=\"article\" \/>\n<meta property=\"og:title\" content=\"Contacte - integratek-sbd\" \/>\n<meta property=\"og:description\" content=\"Contacte Aportem solucions tecnol\u00f2giques personalitzades per a cadascun dels nostres clients. La proximitat, l&#8217;experi\u00e8ncia i la versatilitat, unides a m\u00e9s de 30 anys d&#8217;experi\u00e8ncia, ens defineixen. Contactar ara\" \/>\n<meta property=\"og:url\" content=\"https:\/\/integratek-sbd.com\/ca\/contacte\/\" \/>\n<meta property=\"og:site_name\" content=\"integratek-sbd\" \/>\n<meta property=\"article:modified_time\" content=\"2026-04-08T09:54:31+00:00\" \/>\n<meta property=\"og:image\" content=\"https:\/\/integratek-sbd.com\/wp-content\/uploads\/2026\/03\/fotointegratek18.webp\" \/>\n\t<meta property=\"og:image:width\" content=\"1600\" \/>\n\t<meta property=\"og:image:height\" content=\"1200\" \/>\n\t<meta property=\"og:image:type\" content=\"image\/webp\" \/>\n<meta name=\"twitter:card\" content=\"summary_large_image\" \/>\n<meta name=\"twitter:label1\" content=\"Temps estimat de lectura\" \/>\n\t<meta name=\"twitter:data1\" content=\"1 minut\" \/>\n<script type=\"application\/ld+json\" class=\"yoast-schema-graph\">{\"@context\":\"https:\\\/\\\/schema.org\",\"@graph\":[{\"@type\":\"WebPage\",\"@id\":\"https:\\\/\\\/integratek-sbd.com\\\/ca\\\/contacte\\\/\",\"url\":\"https:\\\/\\\/integratek-sbd.com\\\/ca\\\/contacte\\\/\",\"name\":\"Contacte - integratek-sbd\",\"isPartOf\":{\"@id\":\"https:\\\/\\\/integratek-sbd.com\\\/ca\\\/#website\"},\"primaryImageOfPage\":{\"@id\":\"https:\\\/\\\/integratek-sbd.com\\\/ca\\\/contacte\\\/#primaryimage\"},\"image\":{\"@id\":\"https:\\\/\\\/integratek-sbd.com\\\/ca\\\/contacte\\\/#primaryimage\"},\"thumbnailUrl\":\"https:\\\/\\\/integratek-sbd.com\\\/wp-content\\\/uploads\\\/2026\\\/03\\\/fotointegratek18.webp\",\"datePublished\":\"2026-03-11T13:47:33+00:00\",\"dateModified\":\"2026-04-08T09:54:31+00:00\",\"breadcrumb\":{\"@id\":\"https:\\\/\\\/integratek-sbd.com\\\/ca\\\/contacte\\\/#breadcrumb\"},\"inLanguage\":\"ca\",\"potentialAction\":[{\"@type\":\"ReadAction\",\"target\":[\"https:\\\/\\\/integratek-sbd.com\\\/ca\\\/contacte\\\/\"]}]},{\"@type\":\"ImageObject\",\"inLanguage\":\"ca\",\"@id\":\"https:\\\/\\\/integratek-sbd.com\\\/ca\\\/contacte\\\/#primaryimage\",\"url\":\"https:\\\/\\\/integratek-sbd.com\\\/wp-content\\\/uploads\\\/2026\\\/03\\\/fotointegratek18.webp\",\"contentUrl\":\"https:\\\/\\\/integratek-sbd.com\\\/wp-content\\\/uploads\\\/2026\\\/03\\\/fotointegratek18.webp\"},{\"@type\":\"BreadcrumbList\",\"@id\":\"https:\\\/\\\/integratek-sbd.com\\\/ca\\\/contacte\\\/#breadcrumb\",\"itemListElement\":[{\"@type\":\"ListItem\",\"position\":1,\"name\":\"Home\",\"item\":\"https:\\\/\\\/integratek-sbd.com\\\/ca\\\/\"},{\"@type\":\"ListItem\",\"position\":2,\"name\":\"Contacte\"}]},{\"@type\":\"WebSite\",\"@id\":\"https:\\\/\\\/integratek-sbd.com\\\/ca\\\/#website\",\"url\":\"https:\\\/\\\/integratek-sbd.com\\\/ca\\\/\",\"name\":\"integratek-sbd\",\"description\":\"\",\"publisher\":{\"@id\":\"https:\\\/\\\/integratek-sbd.com\\\/ca\\\/#organization\"},\"potentialAction\":[{\"@type\":\"SearchAction\",\"target\":{\"@type\":\"EntryPoint\",\"urlTemplate\":\"https:\\\/\\\/integratek-sbd.com\\\/ca\\\/?s={search_term_string}\"},\"query-input\":{\"@type\":\"PropertyValueSpecification\",\"valueRequired\":true,\"valueName\":\"search_term_string\"}}],\"inLanguage\":\"ca\"},{\"@type\":\"Organization\",\"@id\":\"https:\\\/\\\/integratek-sbd.com\\\/ca\\\/#organization\",\"name\":\"integratek-sbd\",\"url\":\"https:\\\/\\\/integratek-sbd.com\\\/ca\\\/\",\"logo\":{\"@type\":\"ImageObject\",\"inLanguage\":\"ca\",\"@id\":\"https:\\\/\\\/integratek-sbd.com\\\/ca\\\/#\\\/schema\\\/logo\\\/image\\\/\",\"url\":\"https:\\\/\\\/integratek-sbd.com\\\/wp-content\\\/uploads\\\/2026\\\/03\\\/logo.png\",\"contentUrl\":\"https:\\\/\\\/integratek-sbd.com\\\/wp-content\\\/uploads\\\/2026\\\/03\\\/logo.png\",\"width\":708,\"height\":228,\"caption\":\"integratek-sbd\"},\"image\":{\"@id\":\"https:\\\/\\\/integratek-sbd.com\\\/ca\\\/#\\\/schema\\\/logo\\\/image\\\/\"}}]}<\/script>\n<!-- \/ Yoast SEO plugin. -->","yoast_head_json":{"title":"Contacte - integratek-sbd","robots":{"index":"index","follow":"follow","max-snippet":"max-snippet:-1","max-image-preview":"max-image-preview:large","max-video-preview":"max-video-preview:-1"},"canonical":"https:\/\/integratek-sbd.com\/ca\/contacte\/","og_locale":"ca_ES","og_type":"article","og_title":"Contacte - integratek-sbd","og_description":"Contacte Aportem solucions tecnol\u00f2giques personalitzades per a cadascun dels nostres clients. La proximitat, l&#8217;experi\u00e8ncia i la versatilitat, unides a m\u00e9s de 30 anys d&#8217;experi\u00e8ncia, ens defineixen. Contactar ara","og_url":"https:\/\/integratek-sbd.com\/ca\/contacte\/","og_site_name":"integratek-sbd","article_modified_time":"2026-04-08T09:54:31+00:00","og_image":[{"width":1600,"height":1200,"url":"https:\/\/integratek-sbd.com\/wp-content\/uploads\/2026\/03\/fotointegratek18.webp","type":"image\/webp"}],"twitter_card":"summary_large_image","twitter_misc":{"Temps estimat de lectura":"1 minut"},"schema":{"@context":"https:\/\/schema.org","@graph":[{"@type":"WebPage","@id":"https:\/\/integratek-sbd.com\/ca\/contacte\/","url":"https:\/\/integratek-sbd.com\/ca\/contacte\/","name":"Contacte - integratek-sbd","isPartOf":{"@id":"https:\/\/integratek-sbd.com\/ca\/#website"},"primaryImageOfPage":{"@id":"https:\/\/integratek-sbd.com\/ca\/contacte\/#primaryimage"},"image":{"@id":"https:\/\/integratek-sbd.com\/ca\/contacte\/#primaryimage"},"thumbnailUrl":"https:\/\/integratek-sbd.com\/wp-content\/uploads\/2026\/03\/fotointegratek18.webp","datePublished":"2026-03-11T13:47:33+00:00","dateModified":"2026-04-08T09:54:31+00:00","breadcrumb":{"@id":"https:\/\/integratek-sbd.com\/ca\/contacte\/#breadcrumb"},"inLanguage":"ca","potentialAction":[{"@type":"ReadAction","target":["https:\/\/integratek-sbd.com\/ca\/contacte\/"]}]},{"@type":"ImageObject","inLanguage":"ca","@id":"https:\/\/integratek-sbd.com\/ca\/contacte\/#primaryimage","url":"https:\/\/integratek-sbd.com\/wp-content\/uploads\/2026\/03\/fotointegratek18.webp","contentUrl":"https:\/\/integratek-sbd.com\/wp-content\/uploads\/2026\/03\/fotointegratek18.webp"},{"@type":"BreadcrumbList","@id":"https:\/\/integratek-sbd.com\/ca\/contacte\/#breadcrumb","itemListElement":[{"@type":"ListItem","position":1,"name":"Home","item":"https:\/\/integratek-sbd.com\/ca\/"},{"@type":"ListItem","position":2,"name":"Contacte"}]},{"@type":"WebSite","@id":"https:\/\/integratek-sbd.com\/ca\/#website","url":"https:\/\/integratek-sbd.com\/ca\/","name":"integratek-sbd","description":"","publisher":{"@id":"https:\/\/integratek-sbd.com\/ca\/#organization"},"potentialAction":[{"@type":"SearchAction","target":{"@type":"EntryPoint","urlTemplate":"https:\/\/integratek-sbd.com\/ca\/?s={search_term_string}"},"query-input":{"@type":"PropertyValueSpecification","valueRequired":true,"valueName":"search_term_string"}}],"inLanguage":"ca"},{"@type":"Organization","@id":"https:\/\/integratek-sbd.com\/ca\/#organization","name":"integratek-sbd","url":"https:\/\/integratek-sbd.com\/ca\/","logo":{"@type":"ImageObject","inLanguage":"ca","@id":"https:\/\/integratek-sbd.com\/ca\/#\/schema\/logo\/image\/","url":"https:\/\/integratek-sbd.com\/wp-content\/uploads\/2026\/03\/logo.png","contentUrl":"https:\/\/integratek-sbd.com\/wp-content\/uploads\/2026\/03\/logo.png","width":708,"height":228,"caption":"integratek-sbd"},"image":{"@id":"https:\/\/integratek-sbd.com\/ca\/#\/schema\/logo\/image\/"}}]}},"_links":{"self":[{"href":"https:\/\/integratek-sbd.com\/ca\/wp-json\/wp\/v2\/pages\/1612","targetHints":{"allow":["GET"]}}],"collection":[{"href":"https:\/\/integratek-sbd.com\/ca\/wp-json\/wp\/v2\/pages"}],"about":[{"href":"https:\/\/integratek-sbd.com\/ca\/wp-json\/wp\/v2\/types\/page"}],"author":[{"embeddable":true,"href":"https:\/\/integratek-sbd.com\/ca\/wp-json\/wp\/v2\/users\/1"}],"replies":[{"embeddable":true,"href":"https:\/\/integratek-sbd.com\/ca\/wp-json\/wp\/v2\/comments?post=1612"}],"version-history":[{"count":3,"href":"https:\/\/integratek-sbd.com\/ca\/wp-json\/wp\/v2\/pages\/1612\/revisions"}],"predecessor-version":[{"id":1736,"href":"https:\/\/integratek-sbd.com\/ca\/wp-json\/wp\/v2\/pages\/1612\/revisions\/1736"}],"wp:attachment":[{"href":"https:\/\/integratek-sbd.com\/ca\/wp-json\/wp\/v2\/media?parent=1612"}],"curies":[{"name":"wp","href":"https:\/\/api.w.org\/{rel}","templated":true}]}}