{"id":1610,"date":"2026-03-11T13:47:35","date_gmt":"2026-03-11T13:47:35","guid":{"rendered":"https:\/\/integratek-sbd.com\/nosaltres\/"},"modified":"2026-04-08T09:34:17","modified_gmt":"2026-04-08T09:34:17","slug":"nosaltres","status":"publish","type":"page","link":"https:\/\/integratek-sbd.com\/ca\/nosaltres\/","title":{"rendered":"Nosaltres"},"content":{"rendered":"\t\t<div data-elementor-type=\"wp-page\" data-elementor-id=\"1610\" class=\"elementor elementor-1610 elementor-56\" data-elementor-post-type=\"page\">\n\t\t\t\t<div class=\"elementor-element elementor-element-c8675ed e-con-full e-flex e-con e-parent\" data-id=\"c8675ed\" data-element_type=\"container\" data-e-type=\"container\" data-settings=\"{&quot;background_background&quot;:&quot;classic&quot;}\">\n\t\t<div class=\"elementor-element elementor-element-82e7d54 e-con-full e-flex e-con e-child\" data-id=\"82e7d54\" data-element_type=\"container\" data-e-type=\"container\">\n\t\t\t\t<div class=\"elementor-element elementor-element-26ffef1 elementor-widget elementor-widget-heading\" data-id=\"26ffef1\" data-element_type=\"widget\" data-e-type=\"widget\" data-widget_type=\"heading.default\">\n\t\t\t\t\t<h2 class=\"elementor-heading-title elementor-size-default\">Empresa d\u2019automatitzaci\u00f3 industrial i electr\u00f2nica industrial amb m\u00e9s de 30 anys d\u2019experi\u00e8ncia<br><\/h2>\t\t\t\t<\/div>\n\t\t\t\t<div class=\"elementor-element elementor-element-ec41b64 elementor-widget elementor-widget-text-editor\" data-id=\"ec41b64\" data-element_type=\"widget\" data-e-type=\"widget\" data-widget_type=\"text-editor.default\">\n\t\t\t\t\t\t\t\t\t<p>Dissenyem i fabriquem equips de control per a maquin\u00e0ria, oferint solucions adaptades a cada client.<br><\/p>\t\t\t\t\t\t\t\t<\/div>\n\t\t\t\t<\/div>\n\t\t\t\t<\/div>\n\t\t<div class=\"elementor-element elementor-element-b4fd00e e-con-full e-flex e-con e-parent\" data-id=\"b4fd00e\" data-element_type=\"container\" data-e-type=\"container\" data-settings=\"{&quot;background_background&quot;:&quot;video&quot;}\">\n\t\t<div class=\"elementor-element elementor-element-5680de2 e-con-full e-flex e-con e-child\" data-id=\"5680de2\" data-element_type=\"container\" data-e-type=\"container\" data-settings=\"{&quot;background_background&quot;:&quot;video&quot;,&quot;background_video_link&quot;:&quot;https:\\\/\\\/integratek-sbd.com\\\/wp-content\\\/uploads\\\/2026\\\/03\\\/videoIntegrateK.mp4&quot;}\">\n\t\t<div class=\"elementor-background-video-container elementor-hidden-mobile\">\n\t\t\t\t\t\t\t<video class=\"elementor-background-video-hosted\" role=\"presentation\" autoplay muted playsinline loop><\/video>\n\t\t\t\t\t<\/div><div class=\"elementor-element elementor-element-93d5e9e e-con-full e-flex e-con e-child\" data-id=\"93d5e9e\" data-element_type=\"container\" data-e-type=\"container\" data-settings=\"{&quot;background_background&quot;:&quot;video&quot;,&quot;background_video_link&quot;:&quot;https:\\\/\\\/integratek-sbd.com\\\/wp-content\\\/uploads\\\/2026\\\/03\\\/videoIntegrateK.mp4&quot;,&quot;background_motion_fx_devices&quot;:[&quot;widescreen&quot;,&quot;desktop&quot;,&quot;laptop&quot;,&quot;tablet&quot;,&quot;mobile&quot;]}\">\n\t\t<div class=\"elementor-background-video-container elementor-hidden-mobile\">\n\t\t\t\t\t\t\t<video class=\"elementor-background-video-hosted\" role=\"presentation\" autoplay muted playsinline loop><\/video>\n\t\t\t\t\t<\/div>\t\t<\/div>\n\t\t\t\t<\/div>\n\t\t\t\t<\/div>\n\t\t<div class=\"elementor-element elementor-element-1703170 e-con-full e-flex e-con e-parent\" data-id=\"1703170\" data-element_type=\"container\" data-e-type=\"container\" data-settings=\"{&quot;background_background&quot;:&quot;classic&quot;}\">\n\t\t<div class=\"elementor-element elementor-element-499f66e e-con-full e-flex e-con e-child\" data-id=\"499f66e\" data-element_type=\"container\" data-e-type=\"container\">\n\t\t\t\t<div class=\"elementor-element elementor-element-862b1c5 elementor-widget elementor-widget-heading\" data-id=\"862b1c5\" data-element_type=\"widget\" data-e-type=\"widget\" data-widget_type=\"heading.default\">\n\t\t\t\t\t<h3 class=\"elementor-heading-title elementor-size-default\">Sobre nosaltres<br><\/h3>\t\t\t\t<\/div>\n\t\t\t\t<div class=\"elementor-element elementor-element-2149e5f elementor-widget elementor-widget-text-editor\" data-id=\"2149e5f\" data-element_type=\"widget\" data-e-type=\"widget\" data-widget_type=\"text-editor.default\">\n\t\t\t\t\t\t\t\t\t<p data-start=\"520\" data-end=\"774\">Constitu\u00efda l\u2019any 1997, Integratek est\u00e0 dedicada a la fabricaci\u00f3 d\u2019equips de control per a maquin\u00e0ria.<br> El nostre principal objectiu \u00e9s prestar un servei de qualitat i aportar solucions tecnol\u00f2giques personalitzades per a cadascun dels nostres clients.<br><\/p><p data-start=\"776\" data-end=\"901\">L\u2019electricitat i l\u2019electr\u00f2nica ens permeten buscar l\u2019equilibri entre cost i la soluci\u00f3 aplicada m\u00e9s adequada en cada cas.<br><\/p><p data-start=\"903\" data-end=\"1051\">La proximitat, experi\u00e8ncia i versatilitat, juntament amb m\u00e9s de 30 anys d\u2019experi\u00e8ncia, ens defineixen en el disseny d\u2019equips per al control de maquin\u00e0ria.<br><\/p>\t\t\t\t\t\t\t\t<\/div>\n\t\t\t\t<\/div>\n\t\t<div class=\"elementor-element elementor-element-ab76be3 e-con-full elementor-hidden-tablet elementor-hidden-mobile e-flex e-con e-child\" data-id=\"ab76be3\" data-element_type=\"container\" data-e-type=\"container\">\n\t\t\t\t<div class=\"elementor-element elementor-element-11ee414 elementor-widget elementor-widget-image\" data-id=\"11ee414\" data-element_type=\"widget\" data-e-type=\"widget\" data-widget_type=\"image.default\">\n\t\t\t\t\t\t\t\t\t\t\t\t\t\t\t<img fetchpriority=\"high\" decoding=\"async\" width=\"1920\" height=\"880\" src=\"https:\/\/integratek-sbd.com\/wp-content\/uploads\/2026\/03\/fotointegratek22.webp\" class=\"attachment-full size-full wp-image-1607\" alt=\"\" srcset=\"https:\/\/integratek-sbd.com\/wp-content\/uploads\/2026\/03\/fotointegratek22.webp 1920w, https:\/\/integratek-sbd.com\/wp-content\/uploads\/2026\/03\/fotointegratek22-300x138.webp 300w, https:\/\/integratek-sbd.com\/wp-content\/uploads\/2026\/03\/fotointegratek22-1024x469.webp 1024w, https:\/\/integratek-sbd.com\/wp-content\/uploads\/2026\/03\/fotointegratek22-768x352.webp 768w, https:\/\/integratek-sbd.com\/wp-content\/uploads\/2026\/03\/fotointegratek22-1536x704.webp 1536w, https:\/\/integratek-sbd.com\/wp-content\/uploads\/2026\/03\/fotointegratek22-600x275.webp 600w\" sizes=\"(max-width: 1920px) 100vw, 1920px\" \/>\t\t\t\t\t\t\t\t\t\t\t\t\t\t\t<\/div>\n\t\t\t\t<\/div>\n\t\t\t\t<\/div>\n\t\t<div class=\"elementor-element elementor-element-3427588 e-con-full e-flex e-con e-parent\" data-id=\"3427588\" data-element_type=\"container\" data-e-type=\"container\" data-settings=\"{&quot;background_background&quot;:&quot;classic&quot;}\">\n\t\t<div class=\"elementor-element elementor-element-1d4b610 e-con-full e-flex e-con e-child\" data-id=\"1d4b610\" data-element_type=\"container\" data-e-type=\"container\">\n\t\t\t\t<div class=\"elementor-element elementor-element-f15cf9e elementor-widget elementor-widget-heading\" data-id=\"f15cf9e\" data-element_type=\"widget\" data-e-type=\"widget\" data-widget_type=\"heading.default\">\n\t\t\t\t\t<h2 class=\"elementor-heading-title elementor-size-default\">L\u2019equip<br><\/h2>\t\t\t\t<\/div>\n\t\t\t\t<\/div>\n\t\t<div class=\"elementor-element elementor-element-ecdf523 e-con-full e-flex e-con e-child\" data-id=\"ecdf523\" data-element_type=\"container\" data-e-type=\"container\">\n\t\t<div class=\"elementor-element elementor-element-df97db0 e-con-full e-flex e-con e-child\" data-id=\"df97db0\" data-element_type=\"container\" data-e-type=\"container\" data-settings=\"{&quot;background_background&quot;:&quot;classic&quot;}\">\n\t\t<div class=\"elementor-element elementor-element-2e28f20 e-con-full e-flex e-con e-child\" data-id=\"2e28f20\" data-element_type=\"container\" data-e-type=\"container\" data-settings=\"{&quot;background_background&quot;:&quot;classic&quot;}\">\n\t\t\t\t<div class=\"elementor-element elementor-element-6da2fc4 elementor-widget__width-initial elementor-widget-tablet__width-initial elementor-widget-mobile__width-initial elementor-widget elementor-widget-image\" data-id=\"6da2fc4\" data-element_type=\"widget\" data-e-type=\"widget\" data-widget_type=\"image.default\">\n\t\t\t\t\t\t\t\t\t\t\t\t\t\t\t<img decoding=\"async\" width=\"45\" height=\"45\" src=\"https:\/\/integratek-sbd.com\/wp-content\/uploads\/2026\/03\/quiensomos.png\" class=\"attachment-large size-large wp-image-1608\" alt=\"\" \/>\t\t\t\t\t\t\t\t\t\t\t\t\t\t\t<\/div>\n\t\t\t\t<div class=\"elementor-element elementor-element-bd52210 elementor-widget elementor-widget-heading\" data-id=\"bd52210\" data-element_type=\"widget\" data-e-type=\"widget\" data-widget_type=\"heading.default\">\n\t\t\t\t\t<h4 class=\"elementor-heading-title elementor-size-default\">Qui som<br><\/h4>\t\t\t\t<\/div>\n\t\t\t\t<\/div>\n\t\t\t\t<div class=\"elementor-element elementor-element-f33168c elementor-widget elementor-widget-text-editor\" data-id=\"f33168c\" data-element_type=\"widget\" data-e-type=\"widget\" data-widget_type=\"text-editor.default\">\n\t\t\t\t\t\t\t\t\t<p data-start=\"289\" data-end=\"462\">Som dos professionals s\u00e8nior desenvolupadors, dissenyadors i instal\u00b7ladors, amb m\u00e9s de 35 anys d\u2019experi\u00e8ncia en tota mena d\u2019automatismes industrials.<br><\/p>\t\t\t\t\t\t\t\t<\/div>\n\t\t\t\t<\/div>\n\t\t<div class=\"elementor-element elementor-element-eac6969 e-con-full e-flex e-con e-child\" data-id=\"eac6969\" data-element_type=\"container\" data-e-type=\"container\" data-settings=\"{&quot;background_background&quot;:&quot;classic&quot;}\">\n\t\t<div class=\"elementor-element elementor-element-22ed71d e-con-full e-flex e-con e-child\" data-id=\"22ed71d\" data-element_type=\"container\" data-e-type=\"container\" data-settings=\"{&quot;background_background&quot;:&quot;classic&quot;}\">\n\t\t\t\t<div class=\"elementor-element elementor-element-c0b4bb7 elementor-widget__width-initial elementor-widget-tablet__width-initial elementor-widget-mobile__width-initial elementor-widget elementor-widget-image\" data-id=\"c0b4bb7\" data-element_type=\"widget\" data-e-type=\"widget\" data-widget_type=\"image.default\">\n\t\t\t\t\t\t\t\t\t\t\t\t\t\t\t<img decoding=\"async\" width=\"45\" height=\"45\" src=\"https:\/\/integratek-sbd.com\/wp-content\/uploads\/2026\/03\/comotrabjamos.png\" class=\"attachment-large size-large wp-image-1609\" alt=\"\" \/>\t\t\t\t\t\t\t\t\t\t\t\t\t\t\t<\/div>\n\t\t\t\t<div class=\"elementor-element elementor-element-01c1393 elementor-widget elementor-widget-heading\" data-id=\"01c1393\" data-element_type=\"widget\" data-e-type=\"widget\" data-widget_type=\"heading.default\">\n\t\t\t\t\t<h4 class=\"elementor-heading-title elementor-size-default\">Com treballem<br>\n<\/h4>\t\t\t\t<\/div>\n\t\t\t\t<\/div>\n\t\t\t\t<div class=\"elementor-element elementor-element-ed69279 elementor-widget elementor-widget-text-editor\" data-id=\"ed69279\" data-element_type=\"widget\" data-e-type=\"widget\" data-widget_type=\"text-editor.default\">\n\t\t\t\t\t\t\t\t\t<p data-start=\"464\" data-end=\"651\">Ens hem format per oferir als nostres clients projectes amb total garantia d\u2019\u00e8xit, responsabilitzant-nos de cada fase fins a la seva completa satisfacci\u00f3.<br><\/p>\t\t\t\t\t\t\t\t<\/div>\n\t\t\t\t<\/div>\n\t\t<div class=\"elementor-element elementor-element-119bee3 e-con-full e-flex e-con e-child\" data-id=\"119bee3\" data-element_type=\"container\" data-e-type=\"container\" data-settings=\"{&quot;background_background&quot;:&quot;classic&quot;}\">\n\t\t<div class=\"elementor-element elementor-element-3e27024 e-con-full e-flex e-con e-child\" data-id=\"3e27024\" data-element_type=\"container\" data-e-type=\"container\" data-settings=\"{&quot;background_background&quot;:&quot;classic&quot;}\">\n\t\t\t\t<div class=\"elementor-element elementor-element-4afd16b elementor-widget__width-initial elementor-widget-tablet__width-initial elementor-widget-mobile__width-initial elementor-widget elementor-widget-image\" data-id=\"4afd16b\" data-element_type=\"widget\" data-e-type=\"widget\" data-widget_type=\"image.default\">\n\t\t\t\t\t\t\t\t\t\t\t\t\t\t\t<img loading=\"lazy\" decoding=\"async\" width=\"45\" height=\"46\" src=\"https:\/\/integratek-sbd.com\/wp-content\/uploads\/2026\/03\/ICON3.png\" class=\"attachment-large size-large wp-image-1555\" alt=\"\" \/>\t\t\t\t\t\t\t\t\t\t\t\t\t\t\t<\/div>\n\t\t\t\t<div class=\"elementor-element elementor-element-91b868f elementor-widget elementor-widget-heading\" data-id=\"91b868f\" data-element_type=\"widget\" data-e-type=\"widget\" data-widget_type=\"heading.default\">\n\t\t\t\t\t<h4 class=\"elementor-heading-title elementor-size-default\">Col\u00b7laboracions\n<\/h4>\t\t\t\t<\/div>\n\t\t\t\t<\/div>\n\t\t\t\t<div class=\"elementor-element elementor-element-ec51f6b elementor-widget elementor-widget-text-editor\" data-id=\"ec51f6b\" data-element_type=\"widget\" data-e-type=\"widget\" data-widget_type=\"text-editor.default\">\n\t\t\t\t\t\t\t\t\t<p data-start=\"653\" data-end=\"784\">Col\u00b7laborem amb enginyeries mec\u00e0niques realitzant el control de les m\u00e0quines que aquestes projecten i desenvolupen.<br><\/p>\t\t\t\t\t\t\t\t<\/div>\n\t\t\t\t<\/div>\n\t\t\t\t<\/div>\n\t\t\t\t<\/div>\n\t\t<div class=\"elementor-element elementor-element-5150c5f e-con-full e-flex e-con e-parent\" data-id=\"5150c5f\" data-element_type=\"container\" data-e-type=\"container\" data-settings=\"{&quot;background_background&quot;:&quot;classic&quot;}\">\n\t\t<div class=\"elementor-element elementor-element-76344bb e-con-full e-flex e-con e-child\" data-id=\"76344bb\" data-element_type=\"container\" data-e-type=\"container\">\n\t\t\t\t<div class=\"elementor-element elementor-element-6c425a7 elementor-widget elementor-widget-text-editor\" data-id=\"6c425a7\" data-element_type=\"widget\" data-e-type=\"widget\" data-widget_type=\"text-editor.default\">\n\t\t\t\t\t\t\t\t\t<p>La proximitat, l&#8217;experi\u00e8ncia i la versatilitat, unides a m\u00e9s de 30 anys d&#8217;experi\u00e8ncia, ens defineixen.<\/p>\t\t\t\t\t\t\t\t<\/div>\n\t\t\t\t<\/div>\n\t\t<div class=\"elementor-element elementor-element-4e7c50a e-con-full e-flex e-con e-child\" data-id=\"4e7c50a\" data-element_type=\"container\" data-e-type=\"container\">\n\t\t\t\t<div class=\"elementor-element elementor-element-0e89c22 elementor-widget elementor-widget-button\" data-id=\"0e89c22\" data-element_type=\"widget\" data-e-type=\"widget\" data-widget_type=\"button.default\">\n\t\t\t\t\t\t\t\t\t\t<a class=\"elementor-button elementor-button-link elementor-size-sm\" href=\"\/ca\/#contacto\">\n\t\t\t\t\t\t<span class=\"elementor-button-content-wrapper\">\n\t\t\t\t\t\t\t\t\t<span class=\"elementor-button-text\">Contactar ara<\/span>\n\t\t\t\t\t<\/span>\n\t\t\t\t\t<\/a>\n\t\t\t\t\t\t\t\t<\/div>\n\t\t\t\t<\/div>\n\t\t\t\t<\/div>\n\t\t\t\t<\/div>\n\t\t","protected":false},"excerpt":{"rendered":"<p>Empresa d\u2019automatitzaci\u00f3 industrial i electr\u00f2nica industrial amb m\u00e9s de 30 anys d\u2019experi\u00e8ncia Dissenyem i fabriquem equips de control per a maquin\u00e0ria, oferint solucions adaptades a cada client. Sobre nosaltres Constitu\u00efda l\u2019any 1997, Integratek est\u00e0 dedicada a la fabricaci\u00f3 d\u2019equips de control per a maquin\u00e0ria. El nostre principal objectiu \u00e9s prestar un servei de qualitat i [&hellip;]<\/p>\n","protected":false},"author":1,"featured_media":0,"parent":0,"menu_order":9,"comment_status":"closed","ping_status":"closed","template":"elementor_header_footer","meta":{"_acf_changed":false,"footnotes":""},"class_list":["post-1610","page","type-page","status-publish","hentry"],"acf":[],"yoast_head":"<!-- This site is optimized with the Yoast SEO plugin v27.3 - https:\/\/yoast.com\/product\/yoast-seo-wordpress\/ -->\n<title>Nosaltres - integratek-sbd<\/title>\n<meta name=\"robots\" content=\"index, follow, max-snippet:-1, max-image-preview:large, max-video-preview:-1\" \/>\n<link rel=\"canonical\" href=\"https:\/\/integratek-sbd.com\/ca\/nosaltres\/\" \/>\n<meta property=\"og:locale\" content=\"ca_ES\" \/>\n<meta property=\"og:type\" content=\"article\" \/>\n<meta property=\"og:title\" content=\"Nosaltres - integratek-sbd\" \/>\n<meta property=\"og:description\" content=\"Empresa d\u2019automatitzaci\u00f3 industrial i electr\u00f2nica industrial amb m\u00e9s de 30 anys d\u2019experi\u00e8ncia Dissenyem i fabriquem equips de control per a maquin\u00e0ria, oferint solucions adaptades a cada client. Sobre nosaltres Constitu\u00efda l\u2019any 1997, Integratek est\u00e0 dedicada a la fabricaci\u00f3 d\u2019equips de control per a maquin\u00e0ria. El nostre principal objectiu \u00e9s prestar un servei de qualitat i [&hellip;]\" \/>\n<meta property=\"og:url\" content=\"https:\/\/integratek-sbd.com\/ca\/nosaltres\/\" \/>\n<meta property=\"og:site_name\" content=\"integratek-sbd\" \/>\n<meta property=\"article:modified_time\" content=\"2026-04-08T09:34:17+00:00\" \/>\n<meta property=\"og:image\" content=\"https:\/\/integratek-sbd.com\/wp-content\/uploads\/2026\/03\/fotointegratek22.webp\" \/>\n\t<meta property=\"og:image:width\" content=\"1920\" \/>\n\t<meta property=\"og:image:height\" content=\"880\" \/>\n\t<meta property=\"og:image:type\" content=\"image\/webp\" \/>\n<meta name=\"twitter:card\" content=\"summary_large_image\" \/>\n<meta name=\"twitter:label1\" content=\"Temps estimat de lectura\" \/>\n\t<meta name=\"twitter:data1\" content=\"2 minuts\" \/>\n<script type=\"application\/ld+json\" class=\"yoast-schema-graph\">{\"@context\":\"https:\\\/\\\/schema.org\",\"@graph\":[{\"@type\":\"WebPage\",\"@id\":\"https:\\\/\\\/integratek-sbd.com\\\/ca\\\/nosaltres\\\/\",\"url\":\"https:\\\/\\\/integratek-sbd.com\\\/ca\\\/nosaltres\\\/\",\"name\":\"Nosaltres - integratek-sbd\",\"isPartOf\":{\"@id\":\"https:\\\/\\\/integratek-sbd.com\\\/ca\\\/#website\"},\"primaryImageOfPage\":{\"@id\":\"https:\\\/\\\/integratek-sbd.com\\\/ca\\\/nosaltres\\\/#primaryimage\"},\"image\":{\"@id\":\"https:\\\/\\\/integratek-sbd.com\\\/ca\\\/nosaltres\\\/#primaryimage\"},\"thumbnailUrl\":\"https:\\\/\\\/integratek-sbd.com\\\/wp-content\\\/uploads\\\/2026\\\/03\\\/fotointegratek22.webp\",\"datePublished\":\"2026-03-11T13:47:35+00:00\",\"dateModified\":\"2026-04-08T09:34:17+00:00\",\"breadcrumb\":{\"@id\":\"https:\\\/\\\/integratek-sbd.com\\\/ca\\\/nosaltres\\\/#breadcrumb\"},\"inLanguage\":\"ca\",\"potentialAction\":[{\"@type\":\"ReadAction\",\"target\":[\"https:\\\/\\\/integratek-sbd.com\\\/ca\\\/nosaltres\\\/\"]}]},{\"@type\":\"ImageObject\",\"inLanguage\":\"ca\",\"@id\":\"https:\\\/\\\/integratek-sbd.com\\\/ca\\\/nosaltres\\\/#primaryimage\",\"url\":\"https:\\\/\\\/integratek-sbd.com\\\/wp-content\\\/uploads\\\/2026\\\/03\\\/fotointegratek22.webp\",\"contentUrl\":\"https:\\\/\\\/integratek-sbd.com\\\/wp-content\\\/uploads\\\/2026\\\/03\\\/fotointegratek22.webp\"},{\"@type\":\"BreadcrumbList\",\"@id\":\"https:\\\/\\\/integratek-sbd.com\\\/ca\\\/nosaltres\\\/#breadcrumb\",\"itemListElement\":[{\"@type\":\"ListItem\",\"position\":1,\"name\":\"Home\",\"item\":\"https:\\\/\\\/integratek-sbd.com\\\/ca\\\/\"},{\"@type\":\"ListItem\",\"position\":2,\"name\":\"Nosaltres\"}]},{\"@type\":\"WebSite\",\"@id\":\"https:\\\/\\\/integratek-sbd.com\\\/ca\\\/#website\",\"url\":\"https:\\\/\\\/integratek-sbd.com\\\/ca\\\/\",\"name\":\"integratek-sbd\",\"description\":\"\",\"publisher\":{\"@id\":\"https:\\\/\\\/integratek-sbd.com\\\/ca\\\/#organization\"},\"potentialAction\":[{\"@type\":\"SearchAction\",\"target\":{\"@type\":\"EntryPoint\",\"urlTemplate\":\"https:\\\/\\\/integratek-sbd.com\\\/ca\\\/?s={search_term_string}\"},\"query-input\":{\"@type\":\"PropertyValueSpecification\",\"valueRequired\":true,\"valueName\":\"search_term_string\"}}],\"inLanguage\":\"ca\"},{\"@type\":\"Organization\",\"@id\":\"https:\\\/\\\/integratek-sbd.com\\\/ca\\\/#organization\",\"name\":\"integratek-sbd\",\"url\":\"https:\\\/\\\/integratek-sbd.com\\\/ca\\\/\",\"logo\":{\"@type\":\"ImageObject\",\"inLanguage\":\"ca\",\"@id\":\"https:\\\/\\\/integratek-sbd.com\\\/ca\\\/#\\\/schema\\\/logo\\\/image\\\/\",\"url\":\"https:\\\/\\\/integratek-sbd.com\\\/wp-content\\\/uploads\\\/2026\\\/03\\\/logo.png\",\"contentUrl\":\"https:\\\/\\\/integratek-sbd.com\\\/wp-content\\\/uploads\\\/2026\\\/03\\\/logo.png\",\"width\":708,\"height\":228,\"caption\":\"integratek-sbd\"},\"image\":{\"@id\":\"https:\\\/\\\/integratek-sbd.com\\\/ca\\\/#\\\/schema\\\/logo\\\/image\\\/\"}}]}<\/script>\n<!-- \/ Yoast SEO plugin. -->","yoast_head_json":{"title":"Nosaltres - integratek-sbd","robots":{"index":"index","follow":"follow","max-snippet":"max-snippet:-1","max-image-preview":"max-image-preview:large","max-video-preview":"max-video-preview:-1"},"canonical":"https:\/\/integratek-sbd.com\/ca\/nosaltres\/","og_locale":"ca_ES","og_type":"article","og_title":"Nosaltres - integratek-sbd","og_description":"Empresa d\u2019automatitzaci\u00f3 industrial i electr\u00f2nica industrial amb m\u00e9s de 30 anys d\u2019experi\u00e8ncia Dissenyem i fabriquem equips de control per a maquin\u00e0ria, oferint solucions adaptades a cada client. Sobre nosaltres Constitu\u00efda l\u2019any 1997, Integratek est\u00e0 dedicada a la fabricaci\u00f3 d\u2019equips de control per a maquin\u00e0ria. El nostre principal objectiu \u00e9s prestar un servei de qualitat i [&hellip;]","og_url":"https:\/\/integratek-sbd.com\/ca\/nosaltres\/","og_site_name":"integratek-sbd","article_modified_time":"2026-04-08T09:34:17+00:00","og_image":[{"width":1920,"height":880,"url":"https:\/\/integratek-sbd.com\/wp-content\/uploads\/2026\/03\/fotointegratek22.webp","type":"image\/webp"}],"twitter_card":"summary_large_image","twitter_misc":{"Temps estimat de lectura":"2 minuts"},"schema":{"@context":"https:\/\/schema.org","@graph":[{"@type":"WebPage","@id":"https:\/\/integratek-sbd.com\/ca\/nosaltres\/","url":"https:\/\/integratek-sbd.com\/ca\/nosaltres\/","name":"Nosaltres - integratek-sbd","isPartOf":{"@id":"https:\/\/integratek-sbd.com\/ca\/#website"},"primaryImageOfPage":{"@id":"https:\/\/integratek-sbd.com\/ca\/nosaltres\/#primaryimage"},"image":{"@id":"https:\/\/integratek-sbd.com\/ca\/nosaltres\/#primaryimage"},"thumbnailUrl":"https:\/\/integratek-sbd.com\/wp-content\/uploads\/2026\/03\/fotointegratek22.webp","datePublished":"2026-03-11T13:47:35+00:00","dateModified":"2026-04-08T09:34:17+00:00","breadcrumb":{"@id":"https:\/\/integratek-sbd.com\/ca\/nosaltres\/#breadcrumb"},"inLanguage":"ca","potentialAction":[{"@type":"ReadAction","target":["https:\/\/integratek-sbd.com\/ca\/nosaltres\/"]}]},{"@type":"ImageObject","inLanguage":"ca","@id":"https:\/\/integratek-sbd.com\/ca\/nosaltres\/#primaryimage","url":"https:\/\/integratek-sbd.com\/wp-content\/uploads\/2026\/03\/fotointegratek22.webp","contentUrl":"https:\/\/integratek-sbd.com\/wp-content\/uploads\/2026\/03\/fotointegratek22.webp"},{"@type":"BreadcrumbList","@id":"https:\/\/integratek-sbd.com\/ca\/nosaltres\/#breadcrumb","itemListElement":[{"@type":"ListItem","position":1,"name":"Home","item":"https:\/\/integratek-sbd.com\/ca\/"},{"@type":"ListItem","position":2,"name":"Nosaltres"}]},{"@type":"WebSite","@id":"https:\/\/integratek-sbd.com\/ca\/#website","url":"https:\/\/integratek-sbd.com\/ca\/","name":"integratek-sbd","description":"","publisher":{"@id":"https:\/\/integratek-sbd.com\/ca\/#organization"},"potentialAction":[{"@type":"SearchAction","target":{"@type":"EntryPoint","urlTemplate":"https:\/\/integratek-sbd.com\/ca\/?s={search_term_string}"},"query-input":{"@type":"PropertyValueSpecification","valueRequired":true,"valueName":"search_term_string"}}],"inLanguage":"ca"},{"@type":"Organization","@id":"https:\/\/integratek-sbd.com\/ca\/#organization","name":"integratek-sbd","url":"https:\/\/integratek-sbd.com\/ca\/","logo":{"@type":"ImageObject","inLanguage":"ca","@id":"https:\/\/integratek-sbd.com\/ca\/#\/schema\/logo\/image\/","url":"https:\/\/integratek-sbd.com\/wp-content\/uploads\/2026\/03\/logo.png","contentUrl":"https:\/\/integratek-sbd.com\/wp-content\/uploads\/2026\/03\/logo.png","width":708,"height":228,"caption":"integratek-sbd"},"image":{"@id":"https:\/\/integratek-sbd.com\/ca\/#\/schema\/logo\/image\/"}}]}},"_links":{"self":[{"href":"https:\/\/integratek-sbd.com\/ca\/wp-json\/wp\/v2\/pages\/1610","targetHints":{"allow":["GET"]}}],"collection":[{"href":"https:\/\/integratek-sbd.com\/ca\/wp-json\/wp\/v2\/pages"}],"about":[{"href":"https:\/\/integratek-sbd.com\/ca\/wp-json\/wp\/v2\/types\/page"}],"author":[{"embeddable":true,"href":"https:\/\/integratek-sbd.com\/ca\/wp-json\/wp\/v2\/users\/1"}],"replies":[{"embeddable":true,"href":"https:\/\/integratek-sbd.com\/ca\/wp-json\/wp\/v2\/comments?post=1610"}],"version-history":[{"count":3,"href":"https:\/\/integratek-sbd.com\/ca\/wp-json\/wp\/v2\/pages\/1610\/revisions"}],"predecessor-version":[{"id":1720,"href":"https:\/\/integratek-sbd.com\/ca\/wp-json\/wp\/v2\/pages\/1610\/revisions\/1720"}],"wp:attachment":[{"href":"https:\/\/integratek-sbd.com\/ca\/wp-json\/wp\/v2\/media?parent=1610"}],"curies":[{"name":"wp","href":"https:\/\/api.w.org\/{rel}","templated":true}]}}