{"id":1586,"date":"2026-03-12T07:57:25","date_gmt":"2026-03-12T07:57:25","guid":{"rendered":"https:\/\/integratek-sbd.com\/sectors\/"},"modified":"2026-04-08T09:32:21","modified_gmt":"2026-04-08T09:32:21","slug":"sectors","status":"publish","type":"page","link":"https:\/\/integratek-sbd.com\/ca\/sectors\/","title":{"rendered":"Sectors"},"content":{"rendered":"\t\t<div data-elementor-type=\"wp-page\" data-elementor-id=\"1586\" class=\"elementor elementor-1586 elementor-211\" data-elementor-post-type=\"page\">\n\t\t\t\t<div class=\"elementor-element elementor-element-44772e6 e-con-full e-flex e-con e-parent\" data-id=\"44772e6\" data-element_type=\"container\" data-e-type=\"container\" data-settings=\"{&quot;background_background&quot;:&quot;classic&quot;}\">\n\t\t<div class=\"elementor-element elementor-element-77c1876 e-con-full e-flex e-con e-child\" data-id=\"77c1876\" data-element_type=\"container\" data-e-type=\"container\">\n\t\t\t\t<div class=\"elementor-element elementor-element-a94042f elementor-widget elementor-widget-heading\" data-id=\"a94042f\" data-element_type=\"widget\" data-e-type=\"widget\" data-widget_type=\"heading.default\">\n\t\t\t\t\t<h2 class=\"elementor-heading-title elementor-size-default\">Sectors industrials en els quals desenvolupem solucions d'automatitzaci\u00f3 i control<\/h2>\t\t\t\t<\/div>\n\t\t\t\t<div class=\"elementor-element elementor-element-b6ca9b0 elementor-widget elementor-widget-text-editor\" data-id=\"b6ca9b0\" data-element_type=\"widget\" data-e-type=\"widget\" data-widget_type=\"text-editor.default\">\n\t\t\t\t\t\t\t\t\t<p>Aportem la nostra experi\u00e8ncia t\u00e8cnica per optimitzar processos productius en entorns d&#8217;alta exig\u00e8ncia, adaptant-nos a les necessitats espec\u00edfiques de cada mercat.<\/p>\t\t\t\t\t\t\t\t<\/div>\n\t\t\t\t<\/div>\n\t\t\t\t<\/div>\n\t\t<div class=\"elementor-element elementor-element-90fa26e e-con-full e-flex e-con e-parent\" data-id=\"90fa26e\" data-element_type=\"container\" data-e-type=\"container\" data-settings=\"{&quot;background_background&quot;:&quot;classic&quot;}\">\n\t\t<div class=\"elementor-element elementor-element-699e63c e-con-full e-flex e-con e-child\" data-id=\"699e63c\" data-element_type=\"container\" data-e-type=\"container\" data-settings=\"{&quot;background_background&quot;:&quot;classic&quot;}\">\n\t\t<div class=\"elementor-element elementor-element-6d32931 e-con-full e-flex e-con e-child\" data-id=\"6d32931\" data-element_type=\"container\" data-e-type=\"container\" data-settings=\"{&quot;background_background&quot;:&quot;classic&quot;}\">\n\t\t<div class=\"elementor-element elementor-element-6716b0b e-con-full e-flex e-con e-child\" data-id=\"6716b0b\" data-element_type=\"container\" data-e-type=\"container\">\n\t\t\t\t<div class=\"elementor-element elementor-element-268f253 elementor-widget__width-initial elementor-widget-laptop__width-initial elementor-widget-tablet__width-initial elementor-widget elementor-widget-heading\" data-id=\"268f253\" data-element_type=\"widget\" data-e-type=\"widget\" data-widget_type=\"heading.default\">\n\t\t\t\t\t<h3 class=\"elementor-heading-title elementor-size-default\">Automatitzaci\u00f3 de Processos Industrials, Control de Qualitat i Producci\u00f3<\/h3>\t\t\t\t<\/div>\n\t\t\t\t<div class=\"elementor-element elementor-element-0b47e60 elementor-mobile-align-center elementor-widget elementor-widget-button\" data-id=\"0b47e60\" data-element_type=\"widget\" data-e-type=\"widget\" data-widget_type=\"button.default\">\n\t\t\t\t\t\t\t\t\t\t<a class=\"elementor-button elementor-button-link elementor-size-sm\" href=\"https:\/\/integratek-sbd.com\/ca\/automatitzacio-de-processos-industrials-control-de-qualitat-i-produccio\/\">\n\t\t\t\t\t\t<span class=\"elementor-button-content-wrapper\">\n\t\t\t\t\t\t\t\t\t<span class=\"elementor-button-text\">Veure solucions i processos<\/span>\n\t\t\t\t\t<\/span>\n\t\t\t\t\t<\/a>\n\t\t\t\t\t\t\t\t<\/div>\n\t\t\t\t<\/div>\n\t\t\t\t<\/div>\n\t\t<div class=\"elementor-element elementor-element-e7bb061 e-con-full e-flex e-con e-child\" data-id=\"e7bb061\" data-element_type=\"container\" data-e-type=\"container\" data-settings=\"{&quot;background_background&quot;:&quot;classic&quot;}\">\n\t\t<div class=\"elementor-element elementor-element-ce31d9d e-con-full e-flex e-con e-child\" data-id=\"ce31d9d\" data-element_type=\"container\" data-e-type=\"container\">\n\t\t\t\t<div class=\"elementor-element elementor-element-68a7f2f elementor-widget__width-initial elementor-widget-laptop__width-initial elementor-widget-tablet__width-initial elementor-widget elementor-widget-heading\" data-id=\"68a7f2f\" data-element_type=\"widget\" data-e-type=\"widget\" data-widget_type=\"heading.default\">\n\t\t\t\t\t<h3 class=\"elementor-heading-title elementor-size-default\">Ind\u00fastries de l'Env\u00e0s i l'Embalatge<\/h3>\t\t\t\t<\/div>\n\t\t\t\t<div class=\"elementor-element elementor-element-7ede44c elementor-mobile-align-center elementor-widget elementor-widget-button\" data-id=\"7ede44c\" data-element_type=\"widget\" data-e-type=\"widget\" data-widget_type=\"button.default\">\n\t\t\t\t\t\t\t\t\t\t<a class=\"elementor-button elementor-button-link elementor-size-sm\" href=\"https:\/\/integratek-sbd.com\/ca\/industries-de-lenvas-i-lembalatge\/\">\n\t\t\t\t\t\t<span class=\"elementor-button-content-wrapper\">\n\t\t\t\t\t\t\t\t\t<span class=\"elementor-button-text\">Veure solucions i processos<\/span>\n\t\t\t\t\t<\/span>\n\t\t\t\t\t<\/a>\n\t\t\t\t\t\t\t\t<\/div>\n\t\t\t\t<\/div>\n\t\t\t\t<\/div>\n\t\t<div class=\"elementor-element elementor-element-dfb67b9 e-con-full e-flex e-con e-child\" data-id=\"dfb67b9\" data-element_type=\"container\" data-e-type=\"container\" data-settings=\"{&quot;background_background&quot;:&quot;classic&quot;}\">\n\t\t<div class=\"elementor-element elementor-element-31f068f e-con-full e-flex e-con e-child\" data-id=\"31f068f\" data-element_type=\"container\" data-e-type=\"container\">\n\t\t\t\t<div class=\"elementor-element elementor-element-437957d elementor-widget__width-initial elementor-widget-laptop__width-initial elementor-widget-tablet__width-initial elementor-widget elementor-widget-heading\" data-id=\"437957d\" data-element_type=\"widget\" data-e-type=\"widget\" data-widget_type=\"heading.default\">\n\t\t\t\t\t<h3 class=\"elementor-heading-title elementor-size-default\">Ind\u00fastries El\u00e8ctriques<\/h3>\t\t\t\t<\/div>\n\t\t\t\t<div class=\"elementor-element elementor-element-3e23c9c elementor-mobile-align-center elementor-widget elementor-widget-button\" data-id=\"3e23c9c\" data-element_type=\"widget\" data-e-type=\"widget\" data-widget_type=\"button.default\">\n\t\t\t\t\t\t\t\t\t\t<a class=\"elementor-button elementor-button-link elementor-size-sm\" href=\"https:\/\/integratek-sbd.com\/ca\/industries-electriques\/\">\n\t\t\t\t\t\t<span class=\"elementor-button-content-wrapper\">\n\t\t\t\t\t\t\t\t\t<span class=\"elementor-button-text\">Veure solucions i processos<\/span>\n\t\t\t\t\t<\/span>\n\t\t\t\t\t<\/a>\n\t\t\t\t\t\t\t\t<\/div>\n\t\t\t\t<\/div>\n\t\t\t\t<\/div>\n\t\t\t\t<\/div>\n\t\t\t\t<\/div>\n\t\t<div class=\"elementor-element elementor-element-6e057d9 e-con-full e-flex e-con e-parent\" data-id=\"6e057d9\" data-element_type=\"container\" data-e-type=\"container\" data-settings=\"{&quot;background_background&quot;:&quot;classic&quot;}\">\n\t\t<div class=\"elementor-element elementor-element-4ace34c e-con-full e-flex e-con e-child\" data-id=\"4ace34c\" data-element_type=\"container\" data-e-type=\"container\">\n\t\t\t\t<div class=\"elementor-element elementor-element-ec2e761 elementor-widget elementor-widget-text-editor\" data-id=\"ec2e761\" data-element_type=\"widget\" data-e-type=\"widget\" data-widget_type=\"text-editor.default\">\n\t\t\t\t\t\t\t\t\t<p><span style=\"font-weight: 400;\">Aportem solucions personalitzades adaptades al seu sector.<\/span><\/p>\t\t\t\t\t\t\t\t<\/div>\n\t\t\t\t<\/div>\n\t\t<div class=\"elementor-element elementor-element-6415cc3 e-con-full e-flex e-con e-child\" data-id=\"6415cc3\" data-element_type=\"container\" data-e-type=\"container\">\n\t\t\t\t<div class=\"elementor-element elementor-element-85bc938 elementor-widget elementor-widget-button\" data-id=\"85bc938\" data-element_type=\"widget\" data-e-type=\"widget\" data-widget_type=\"button.default\">\n\t\t\t\t\t\t\t\t\t\t<a class=\"elementor-button elementor-button-link elementor-size-sm\" href=\"\/ca\/#contacto\">\n\t\t\t\t\t\t<span class=\"elementor-button-content-wrapper\">\n\t\t\t\t\t\t\t\t\t<span class=\"elementor-button-text\">Contactar ara<\/span>\n\t\t\t\t\t<\/span>\n\t\t\t\t\t<\/a>\n\t\t\t\t\t\t\t\t<\/div>\n\t\t\t\t<\/div>\n\t\t\t\t<\/div>\n\t\t\t\t<\/div>\n\t\t","protected":false},"excerpt":{"rendered":"<p>Sectors industrials en els quals desenvolupem solucions d&#8217;automatitzaci\u00f3 i control Aportem la nostra experi\u00e8ncia t\u00e8cnica per optimitzar processos productius en entorns d&#8217;alta exig\u00e8ncia, adaptant-nos a les necessitats espec\u00edfiques de cada mercat. Automatitzaci\u00f3 de Processos Industrials, Control de Qualitat i Producci\u00f3 Veure solucions i processos Ind\u00fastries de l&#8217;Env\u00e0s i l&#8217;Embalatge Veure solucions i processos Ind\u00fastries El\u00e8ctriques [&hellip;]<\/p>\n","protected":false},"author":1,"featured_media":0,"parent":0,"menu_order":5,"comment_status":"closed","ping_status":"closed","template":"elementor_header_footer","meta":{"_acf_changed":false,"footnotes":""},"class_list":["post-1586","page","type-page","status-publish","hentry"],"acf":[],"yoast_head":"<!-- This site is optimized with the Yoast SEO plugin v27.3 - https:\/\/yoast.com\/product\/yoast-seo-wordpress\/ -->\n<title>Sectors - integratek-sbd<\/title>\n<meta name=\"robots\" content=\"index, follow, max-snippet:-1, max-image-preview:large, max-video-preview:-1\" \/>\n<link rel=\"canonical\" href=\"https:\/\/integratek-sbd.com\/ca\/sectors\/\" \/>\n<meta property=\"og:locale\" content=\"ca_ES\" \/>\n<meta property=\"og:type\" content=\"article\" \/>\n<meta property=\"og:title\" content=\"Sectors - integratek-sbd\" \/>\n<meta property=\"og:description\" content=\"Sectors industrials en els quals desenvolupem solucions d&#8217;automatitzaci\u00f3 i control Aportem la nostra experi\u00e8ncia t\u00e8cnica per optimitzar processos productius en entorns d&#8217;alta exig\u00e8ncia, adaptant-nos a les necessitats espec\u00edfiques de cada mercat. Automatitzaci\u00f3 de Processos Industrials, Control de Qualitat i Producci\u00f3 Veure solucions i processos Ind\u00fastries de l&#8217;Env\u00e0s i l&#8217;Embalatge Veure solucions i processos Ind\u00fastries El\u00e8ctriques [&hellip;]\" \/>\n<meta property=\"og:url\" content=\"https:\/\/integratek-sbd.com\/ca\/sectors\/\" \/>\n<meta property=\"og:site_name\" content=\"integratek-sbd\" \/>\n<meta property=\"article:modified_time\" content=\"2026-04-08T09:32:21+00:00\" \/>\n<meta name=\"twitter:card\" content=\"summary_large_image\" \/>\n<meta name=\"twitter:label1\" content=\"Temps estimat de lectura\" \/>\n\t<meta name=\"twitter:data1\" content=\"1 minut\" \/>\n<script type=\"application\/ld+json\" class=\"yoast-schema-graph\">{\"@context\":\"https:\\\/\\\/schema.org\",\"@graph\":[{\"@type\":\"WebPage\",\"@id\":\"https:\\\/\\\/integratek-sbd.com\\\/ca\\\/sectors\\\/\",\"url\":\"https:\\\/\\\/integratek-sbd.com\\\/ca\\\/sectors\\\/\",\"name\":\"Sectors - integratek-sbd\",\"isPartOf\":{\"@id\":\"https:\\\/\\\/integratek-sbd.com\\\/ca\\\/#website\"},\"datePublished\":\"2026-03-12T07:57:25+00:00\",\"dateModified\":\"2026-04-08T09:32:21+00:00\",\"breadcrumb\":{\"@id\":\"https:\\\/\\\/integratek-sbd.com\\\/ca\\\/sectors\\\/#breadcrumb\"},\"inLanguage\":\"ca\",\"potentialAction\":[{\"@type\":\"ReadAction\",\"target\":[\"https:\\\/\\\/integratek-sbd.com\\\/ca\\\/sectors\\\/\"]}]},{\"@type\":\"BreadcrumbList\",\"@id\":\"https:\\\/\\\/integratek-sbd.com\\\/ca\\\/sectors\\\/#breadcrumb\",\"itemListElement\":[{\"@type\":\"ListItem\",\"position\":1,\"name\":\"Home\",\"item\":\"https:\\\/\\\/integratek-sbd.com\\\/ca\\\/\"},{\"@type\":\"ListItem\",\"position\":2,\"name\":\"Sectors\"}]},{\"@type\":\"WebSite\",\"@id\":\"https:\\\/\\\/integratek-sbd.com\\\/ca\\\/#website\",\"url\":\"https:\\\/\\\/integratek-sbd.com\\\/ca\\\/\",\"name\":\"integratek-sbd\",\"description\":\"\",\"publisher\":{\"@id\":\"https:\\\/\\\/integratek-sbd.com\\\/ca\\\/#organization\"},\"potentialAction\":[{\"@type\":\"SearchAction\",\"target\":{\"@type\":\"EntryPoint\",\"urlTemplate\":\"https:\\\/\\\/integratek-sbd.com\\\/ca\\\/?s={search_term_string}\"},\"query-input\":{\"@type\":\"PropertyValueSpecification\",\"valueRequired\":true,\"valueName\":\"search_term_string\"}}],\"inLanguage\":\"ca\"},{\"@type\":\"Organization\",\"@id\":\"https:\\\/\\\/integratek-sbd.com\\\/ca\\\/#organization\",\"name\":\"integratek-sbd\",\"url\":\"https:\\\/\\\/integratek-sbd.com\\\/ca\\\/\",\"logo\":{\"@type\":\"ImageObject\",\"inLanguage\":\"ca\",\"@id\":\"https:\\\/\\\/integratek-sbd.com\\\/ca\\\/#\\\/schema\\\/logo\\\/image\\\/\",\"url\":\"https:\\\/\\\/integratek-sbd.com\\\/wp-content\\\/uploads\\\/2026\\\/03\\\/logo.png\",\"contentUrl\":\"https:\\\/\\\/integratek-sbd.com\\\/wp-content\\\/uploads\\\/2026\\\/03\\\/logo.png\",\"width\":708,\"height\":228,\"caption\":\"integratek-sbd\"},\"image\":{\"@id\":\"https:\\\/\\\/integratek-sbd.com\\\/ca\\\/#\\\/schema\\\/logo\\\/image\\\/\"}}]}<\/script>\n<!-- \/ Yoast SEO plugin. -->","yoast_head_json":{"title":"Sectors - integratek-sbd","robots":{"index":"index","follow":"follow","max-snippet":"max-snippet:-1","max-image-preview":"max-image-preview:large","max-video-preview":"max-video-preview:-1"},"canonical":"https:\/\/integratek-sbd.com\/ca\/sectors\/","og_locale":"ca_ES","og_type":"article","og_title":"Sectors - integratek-sbd","og_description":"Sectors industrials en els quals desenvolupem solucions d&#8217;automatitzaci\u00f3 i control Aportem la nostra experi\u00e8ncia t\u00e8cnica per optimitzar processos productius en entorns d&#8217;alta exig\u00e8ncia, adaptant-nos a les necessitats espec\u00edfiques de cada mercat. Automatitzaci\u00f3 de Processos Industrials, Control de Qualitat i Producci\u00f3 Veure solucions i processos Ind\u00fastries de l&#8217;Env\u00e0s i l&#8217;Embalatge Veure solucions i processos Ind\u00fastries El\u00e8ctriques [&hellip;]","og_url":"https:\/\/integratek-sbd.com\/ca\/sectors\/","og_site_name":"integratek-sbd","article_modified_time":"2026-04-08T09:32:21+00:00","twitter_card":"summary_large_image","twitter_misc":{"Temps estimat de lectura":"1 minut"},"schema":{"@context":"https:\/\/schema.org","@graph":[{"@type":"WebPage","@id":"https:\/\/integratek-sbd.com\/ca\/sectors\/","url":"https:\/\/integratek-sbd.com\/ca\/sectors\/","name":"Sectors - integratek-sbd","isPartOf":{"@id":"https:\/\/integratek-sbd.com\/ca\/#website"},"datePublished":"2026-03-12T07:57:25+00:00","dateModified":"2026-04-08T09:32:21+00:00","breadcrumb":{"@id":"https:\/\/integratek-sbd.com\/ca\/sectors\/#breadcrumb"},"inLanguage":"ca","potentialAction":[{"@type":"ReadAction","target":["https:\/\/integratek-sbd.com\/ca\/sectors\/"]}]},{"@type":"BreadcrumbList","@id":"https:\/\/integratek-sbd.com\/ca\/sectors\/#breadcrumb","itemListElement":[{"@type":"ListItem","position":1,"name":"Home","item":"https:\/\/integratek-sbd.com\/ca\/"},{"@type":"ListItem","position":2,"name":"Sectors"}]},{"@type":"WebSite","@id":"https:\/\/integratek-sbd.com\/ca\/#website","url":"https:\/\/integratek-sbd.com\/ca\/","name":"integratek-sbd","description":"","publisher":{"@id":"https:\/\/integratek-sbd.com\/ca\/#organization"},"potentialAction":[{"@type":"SearchAction","target":{"@type":"EntryPoint","urlTemplate":"https:\/\/integratek-sbd.com\/ca\/?s={search_term_string}"},"query-input":{"@type":"PropertyValueSpecification","valueRequired":true,"valueName":"search_term_string"}}],"inLanguage":"ca"},{"@type":"Organization","@id":"https:\/\/integratek-sbd.com\/ca\/#organization","name":"integratek-sbd","url":"https:\/\/integratek-sbd.com\/ca\/","logo":{"@type":"ImageObject","inLanguage":"ca","@id":"https:\/\/integratek-sbd.com\/ca\/#\/schema\/logo\/image\/","url":"https:\/\/integratek-sbd.com\/wp-content\/uploads\/2026\/03\/logo.png","contentUrl":"https:\/\/integratek-sbd.com\/wp-content\/uploads\/2026\/03\/logo.png","width":708,"height":228,"caption":"integratek-sbd"},"image":{"@id":"https:\/\/integratek-sbd.com\/ca\/#\/schema\/logo\/image\/"}}]}},"_links":{"self":[{"href":"https:\/\/integratek-sbd.com\/ca\/wp-json\/wp\/v2\/pages\/1586","targetHints":{"allow":["GET"]}}],"collection":[{"href":"https:\/\/integratek-sbd.com\/ca\/wp-json\/wp\/v2\/pages"}],"about":[{"href":"https:\/\/integratek-sbd.com\/ca\/wp-json\/wp\/v2\/types\/page"}],"author":[{"embeddable":true,"href":"https:\/\/integratek-sbd.com\/ca\/wp-json\/wp\/v2\/users\/1"}],"replies":[{"embeddable":true,"href":"https:\/\/integratek-sbd.com\/ca\/wp-json\/wp\/v2\/comments?post=1586"}],"version-history":[{"count":3,"href":"https:\/\/integratek-sbd.com\/ca\/wp-json\/wp\/v2\/pages\/1586\/revisions"}],"predecessor-version":[{"id":1708,"href":"https:\/\/integratek-sbd.com\/ca\/wp-json\/wp\/v2\/pages\/1586\/revisions\/1708"}],"wp:attachment":[{"href":"https:\/\/integratek-sbd.com\/ca\/wp-json\/wp\/v2\/media?parent=1586"}],"curies":[{"name":"wp","href":"https:\/\/api.w.org\/{rel}","templated":true}]}}