{"id":1566,"date":"2026-03-12T07:56:14","date_gmt":"2026-03-12T07:56:14","guid":{"rendered":"https:\/\/integratek-sbd.com\/serveis\/"},"modified":"2026-04-08T09:29:19","modified_gmt":"2026-04-08T09:29:19","slug":"serveis","status":"publish","type":"page","link":"https:\/\/integratek-sbd.com\/ca\/serveis\/","title":{"rendered":"Serveis"},"content":{"rendered":"\t\t<div data-elementor-type=\"wp-page\" data-elementor-id=\"1566\" class=\"elementor elementor-1566 elementor-209\" data-elementor-post-type=\"page\">\n\t\t\t\t<div class=\"elementor-element elementor-element-f04f9d1 e-con-full e-flex e-con e-parent\" data-id=\"f04f9d1\" data-element_type=\"container\" data-e-type=\"container\" data-settings=\"{&quot;background_background&quot;:&quot;classic&quot;}\">\n\t\t<div class=\"elementor-element elementor-element-dba4498 e-con-full e-flex e-con e-child\" data-id=\"dba4498\" data-element_type=\"container\" data-e-type=\"container\">\n\t\t\t\t<div class=\"elementor-element elementor-element-fec593b elementor-widget elementor-widget-heading\" data-id=\"fec593b\" data-element_type=\"widget\" data-e-type=\"widget\" data-widget_type=\"heading.default\">\n\t\t\t\t\t<h2 class=\"elementor-heading-title elementor-size-default\">Serveis d\u2019automatitzaci\u00f3 industrial, control de maquin\u00e0ria i electr\u00f2nica industrial<\/h2>\t\t\t\t<\/div>\n\t\t\t\t<div class=\"elementor-element elementor-element-d992c0a elementor-widget elementor-widget-text-editor\" data-id=\"d992c0a\" data-element_type=\"widget\" data-e-type=\"widget\" data-widget_type=\"text-editor.default\">\n\t\t\t\t\t\t\t\t\t<p>La nostra especialitzaci\u00f3 en equips de control es divideix en dues \u00e0rees d\u2019actuaci\u00f3 t\u00e8cnica:<br>A Integratek desenvolupem solucions d\u2019automatitzaci\u00f3 industrial, control de maquin\u00e0ria i electr\u00f2nica industrial per a projectes a mida. Dissenyem, muntem, programem i integrem sistemes amb PLC, SCADA, quadres el\u00e8ctrics i solucions electr\u00f2niques per a diferents sectors industrials.<\/p>\t\t\t\t\t\t\t\t<\/div>\n\t\t\t\t<\/div>\n\t\t\t\t<\/div>\n\t\t<div class=\"elementor-element elementor-element-d23ebec e-con-full e-flex e-con e-parent\" data-id=\"d23ebec\" data-element_type=\"container\" data-e-type=\"container\" data-settings=\"{&quot;background_background&quot;:&quot;classic&quot;}\">\n\t\t<div class=\"elementor-element elementor-element-038232b e-con-full e-flex e-con e-child\" data-id=\"038232b\" data-element_type=\"container\" data-e-type=\"container\" data-settings=\"{&quot;background_background&quot;:&quot;classic&quot;}\">\n\t\t<div class=\"elementor-element elementor-element-3e32bbf e-con-full e-flex e-con e-child\" data-id=\"3e32bbf\" data-element_type=\"container\" data-e-type=\"container\" data-settings=\"{&quot;background_background&quot;:&quot;classic&quot;}\">\n\t\t<div class=\"elementor-element elementor-element-9ac860c e-con-full e-flex e-con e-child\" data-id=\"9ac860c\" data-element_type=\"container\" data-e-type=\"container\">\n\t\t\t\t<div class=\"elementor-element elementor-element-77aa722 elementor-widget__width-initial elementor-widget-laptop__width-initial elementor-widget-tablet__width-initial elementor-widget elementor-widget-heading\" data-id=\"77aa722\" data-element_type=\"widget\" data-e-type=\"widget\" data-widget_type=\"heading.default\">\n\t\t\t\t\t<h3 class=\"elementor-heading-title elementor-size-default\">Automatitzaci\u00f3 industrial i projectes clau en m\u00e0<\/h3>\t\t\t\t<\/div>\n\t\t\t\t<div class=\"elementor-element elementor-element-795e292 elementor-widget__width-initial elementor-widget-laptop__width-initial elementor-widget-tablet__width-initial elementor-widget elementor-widget-text-editor\" data-id=\"795e292\" data-element_type=\"widget\" data-e-type=\"widget\" data-widget_type=\"text-editor.default\">\n\t\t\t\t\t\t\t\t\t<p>Gesti\u00f3 integral: des del disseny inicial fins a l&#8217;assist\u00e8ncia postvenda.<\/p>\t\t\t\t\t\t\t\t<\/div>\n\t\t\t\t<div class=\"elementor-element elementor-element-c9bdaa8 elementor-mobile-align-center elementor-widget elementor-widget-button\" data-id=\"c9bdaa8\" data-element_type=\"widget\" data-e-type=\"widget\" data-widget_type=\"button.default\">\n\t\t\t\t\t\t\t\t\t\t<a class=\"elementor-button elementor-button-link elementor-size-sm\" href=\"https:\/\/integratek-sbd.com\/ca\/automatitzacio-industrial-i-control-de-maquinaria\/\">\n\t\t\t\t\t\t<span class=\"elementor-button-content-wrapper\">\n\t\t\t\t\t\t\t\t\t<span class=\"elementor-button-text\">m\u00e9s informaci\u00f3<\/span>\n\t\t\t\t\t<\/span>\n\t\t\t\t\t<\/a>\n\t\t\t\t\t\t\t\t<\/div>\n\t\t\t\t<\/div>\n\t\t\t\t<\/div>\n\t\t<div class=\"elementor-element elementor-element-9974009 e-con-full e-flex e-con e-child\" data-id=\"9974009\" data-element_type=\"container\" data-e-type=\"container\" data-settings=\"{&quot;background_background&quot;:&quot;classic&quot;}\">\n\t\t<div class=\"elementor-element elementor-element-7174444 e-con-full e-flex e-con e-child\" data-id=\"7174444\" data-element_type=\"container\" data-e-type=\"container\">\n\t\t\t\t<div class=\"elementor-element elementor-element-5b73e2f elementor-widget__width-initial elementor-widget-laptop__width-initial elementor-widget-tablet__width-initial elementor-widget elementor-widget-heading\" data-id=\"5b73e2f\" data-element_type=\"widget\" data-e-type=\"widget\" data-widget_type=\"heading.default\">\n\t\t\t\t\t<h3 class=\"elementor-heading-title elementor-size-default\">Electr\u00f2nica industrial, disseny de PCB i prototips<\/h3>\t\t\t\t<\/div>\n\t\t\t\t<div class=\"elementor-element elementor-element-3006ad8 elementor-widget__width-initial elementor-widget-laptop__width-initial elementor-widget-tablet__width-initial elementor-widget elementor-widget-text-editor\" data-id=\"3006ad8\" data-element_type=\"widget\" data-e-type=\"widget\" data-widget_type=\"text-editor.default\">\n\t\t\t\t\t\t\t\t\t<p>Disseny de PCB, prototips, programaci\u00f3 i muntatge de petites s\u00e8ries.<\/p>\t\t\t\t\t\t\t\t<\/div>\n\t\t\t\t<div class=\"elementor-element elementor-element-70f3e74 elementor-mobile-align-center elementor-widget elementor-widget-button\" data-id=\"70f3e74\" data-element_type=\"widget\" data-e-type=\"widget\" data-widget_type=\"button.default\">\n\t\t\t\t\t\t\t\t\t\t<a class=\"elementor-button elementor-button-link elementor-size-sm\" href=\"https:\/\/integratek-sbd.com\/ca\/electronica-industrial-i-disseny-de-pcb\/\">\n\t\t\t\t\t\t<span class=\"elementor-button-content-wrapper\">\n\t\t\t\t\t\t\t\t\t<span class=\"elementor-button-text\">m\u00e9s informaci\u00f3<\/span>\n\t\t\t\t\t<\/span>\n\t\t\t\t\t<\/a>\n\t\t\t\t\t\t\t\t<\/div>\n\t\t\t\t<\/div>\n\t\t\t\t<\/div>\n\t\t\t\t<\/div>\n\t\t\t\t<\/div>\n\t\t<div class=\"elementor-element elementor-element-826a37e e-con-full e-flex e-con e-parent\" data-id=\"826a37e\" data-element_type=\"container\" data-e-type=\"container\" data-settings=\"{&quot;background_background&quot;:&quot;classic&quot;}\">\n\t\t<div class=\"elementor-element elementor-element-09ca3dc e-con-full e-flex e-con e-child\" data-id=\"09ca3dc\" data-element_type=\"container\" data-e-type=\"container\">\n\t\t\t\t<div class=\"elementor-element elementor-element-23f5d0b elementor-widget elementor-widget-text-editor\" data-id=\"23f5d0b\" data-element_type=\"widget\" data-e-type=\"widget\" data-widget_type=\"text-editor.default\">\n\t\t\t\t\t\t\t\t\t<p>La proximitat, l&#8217;experi\u00e8ncia i la versatilitat, unides a m\u00e9s de 30 anys d&#8217;experi\u00e8ncia, ens defineixen.<\/p>\t\t\t\t\t\t\t\t<\/div>\n\t\t\t\t<\/div>\n\t\t<div class=\"elementor-element elementor-element-b4b4593 e-con-full e-flex e-con e-child\" data-id=\"b4b4593\" data-element_type=\"container\" data-e-type=\"container\">\n\t\t\t\t<div class=\"elementor-element elementor-element-30b883b elementor-widget elementor-widget-button\" data-id=\"30b883b\" data-element_type=\"widget\" data-e-type=\"widget\" data-widget_type=\"button.default\">\n\t\t\t\t\t\t\t\t\t\t<a class=\"elementor-button elementor-button-link elementor-size-sm\" href=\"\/ca\/#contacto\">\n\t\t\t\t\t\t<span class=\"elementor-button-content-wrapper\">\n\t\t\t\t\t\t\t\t\t<span class=\"elementor-button-text\">Contactar ara<\/span>\n\t\t\t\t\t<\/span>\n\t\t\t\t\t<\/a>\n\t\t\t\t\t\t\t\t<\/div>\n\t\t\t\t<\/div>\n\t\t\t\t<\/div>\n\t\t\t\t<\/div>\n\t\t","protected":false},"excerpt":{"rendered":"<p>Serveis d\u2019automatitzaci\u00f3 industrial, control de maquin\u00e0ria i electr\u00f2nica industrial La nostra especialitzaci\u00f3 en equips de control es divideix en dues \u00e0rees d\u2019actuaci\u00f3 t\u00e8cnica:A Integratek desenvolupem solucions d\u2019automatitzaci\u00f3 industrial, control de maquin\u00e0ria i electr\u00f2nica industrial per a projectes a mida. Dissenyem, muntem, programem i integrem sistemes amb PLC, SCADA, quadres el\u00e8ctrics i solucions electr\u00f2niques per a [&hellip;]<\/p>\n","protected":false},"author":1,"featured_media":0,"parent":0,"menu_order":2,"comment_status":"closed","ping_status":"closed","template":"elementor_header_footer","meta":{"_acf_changed":false,"footnotes":""},"class_list":["post-1566","page","type-page","status-publish","hentry"],"acf":[],"yoast_head":"<!-- This site is optimized with the Yoast SEO plugin v27.3 - https:\/\/yoast.com\/product\/yoast-seo-wordpress\/ -->\n<title>Serveis - integratek-sbd<\/title>\n<meta name=\"robots\" content=\"index, follow, max-snippet:-1, max-image-preview:large, max-video-preview:-1\" \/>\n<link rel=\"canonical\" href=\"https:\/\/integratek-sbd.com\/ca\/serveis\/\" \/>\n<meta property=\"og:locale\" content=\"ca_ES\" \/>\n<meta property=\"og:type\" content=\"article\" \/>\n<meta property=\"og:title\" content=\"Serveis - integratek-sbd\" \/>\n<meta property=\"og:description\" content=\"Serveis d\u2019automatitzaci\u00f3 industrial, control de maquin\u00e0ria i electr\u00f2nica industrial La nostra especialitzaci\u00f3 en equips de control es divideix en dues \u00e0rees d\u2019actuaci\u00f3 t\u00e8cnica:A Integratek desenvolupem solucions d\u2019automatitzaci\u00f3 industrial, control de maquin\u00e0ria i electr\u00f2nica industrial per a projectes a mida. Dissenyem, muntem, programem i integrem sistemes amb PLC, SCADA, quadres el\u00e8ctrics i solucions electr\u00f2niques per a [&hellip;]\" \/>\n<meta property=\"og:url\" content=\"https:\/\/integratek-sbd.com\/ca\/serveis\/\" \/>\n<meta property=\"og:site_name\" content=\"integratek-sbd\" \/>\n<meta property=\"article:modified_time\" content=\"2026-04-08T09:29:19+00:00\" \/>\n<meta name=\"twitter:card\" content=\"summary_large_image\" \/>\n<meta name=\"twitter:label1\" content=\"Temps estimat de lectura\" \/>\n\t<meta name=\"twitter:data1\" content=\"1 minut\" \/>\n<script type=\"application\/ld+json\" class=\"yoast-schema-graph\">{\"@context\":\"https:\\\/\\\/schema.org\",\"@graph\":[{\"@type\":\"WebPage\",\"@id\":\"https:\\\/\\\/integratek-sbd.com\\\/ca\\\/serveis\\\/\",\"url\":\"https:\\\/\\\/integratek-sbd.com\\\/ca\\\/serveis\\\/\",\"name\":\"Serveis - integratek-sbd\",\"isPartOf\":{\"@id\":\"https:\\\/\\\/integratek-sbd.com\\\/ca\\\/#website\"},\"datePublished\":\"2026-03-12T07:56:14+00:00\",\"dateModified\":\"2026-04-08T09:29:19+00:00\",\"breadcrumb\":{\"@id\":\"https:\\\/\\\/integratek-sbd.com\\\/ca\\\/serveis\\\/#breadcrumb\"},\"inLanguage\":\"ca\",\"potentialAction\":[{\"@type\":\"ReadAction\",\"target\":[\"https:\\\/\\\/integratek-sbd.com\\\/ca\\\/serveis\\\/\"]}]},{\"@type\":\"BreadcrumbList\",\"@id\":\"https:\\\/\\\/integratek-sbd.com\\\/ca\\\/serveis\\\/#breadcrumb\",\"itemListElement\":[{\"@type\":\"ListItem\",\"position\":1,\"name\":\"Home\",\"item\":\"https:\\\/\\\/integratek-sbd.com\\\/ca\\\/\"},{\"@type\":\"ListItem\",\"position\":2,\"name\":\"Serveis\"}]},{\"@type\":\"WebSite\",\"@id\":\"https:\\\/\\\/integratek-sbd.com\\\/ca\\\/#website\",\"url\":\"https:\\\/\\\/integratek-sbd.com\\\/ca\\\/\",\"name\":\"integratek-sbd\",\"description\":\"\",\"publisher\":{\"@id\":\"https:\\\/\\\/integratek-sbd.com\\\/ca\\\/#organization\"},\"potentialAction\":[{\"@type\":\"SearchAction\",\"target\":{\"@type\":\"EntryPoint\",\"urlTemplate\":\"https:\\\/\\\/integratek-sbd.com\\\/ca\\\/?s={search_term_string}\"},\"query-input\":{\"@type\":\"PropertyValueSpecification\",\"valueRequired\":true,\"valueName\":\"search_term_string\"}}],\"inLanguage\":\"ca\"},{\"@type\":\"Organization\",\"@id\":\"https:\\\/\\\/integratek-sbd.com\\\/ca\\\/#organization\",\"name\":\"integratek-sbd\",\"url\":\"https:\\\/\\\/integratek-sbd.com\\\/ca\\\/\",\"logo\":{\"@type\":\"ImageObject\",\"inLanguage\":\"ca\",\"@id\":\"https:\\\/\\\/integratek-sbd.com\\\/ca\\\/#\\\/schema\\\/logo\\\/image\\\/\",\"url\":\"https:\\\/\\\/integratek-sbd.com\\\/wp-content\\\/uploads\\\/2026\\\/03\\\/logo.png\",\"contentUrl\":\"https:\\\/\\\/integratek-sbd.com\\\/wp-content\\\/uploads\\\/2026\\\/03\\\/logo.png\",\"width\":708,\"height\":228,\"caption\":\"integratek-sbd\"},\"image\":{\"@id\":\"https:\\\/\\\/integratek-sbd.com\\\/ca\\\/#\\\/schema\\\/logo\\\/image\\\/\"}}]}<\/script>\n<!-- \/ Yoast SEO plugin. -->","yoast_head_json":{"title":"Serveis - integratek-sbd","robots":{"index":"index","follow":"follow","max-snippet":"max-snippet:-1","max-image-preview":"max-image-preview:large","max-video-preview":"max-video-preview:-1"},"canonical":"https:\/\/integratek-sbd.com\/ca\/serveis\/","og_locale":"ca_ES","og_type":"article","og_title":"Serveis - integratek-sbd","og_description":"Serveis d\u2019automatitzaci\u00f3 industrial, control de maquin\u00e0ria i electr\u00f2nica industrial La nostra especialitzaci\u00f3 en equips de control es divideix en dues \u00e0rees d\u2019actuaci\u00f3 t\u00e8cnica:A Integratek desenvolupem solucions d\u2019automatitzaci\u00f3 industrial, control de maquin\u00e0ria i electr\u00f2nica industrial per a projectes a mida. Dissenyem, muntem, programem i integrem sistemes amb PLC, SCADA, quadres el\u00e8ctrics i solucions electr\u00f2niques per a [&hellip;]","og_url":"https:\/\/integratek-sbd.com\/ca\/serveis\/","og_site_name":"integratek-sbd","article_modified_time":"2026-04-08T09:29:19+00:00","twitter_card":"summary_large_image","twitter_misc":{"Temps estimat de lectura":"1 minut"},"schema":{"@context":"https:\/\/schema.org","@graph":[{"@type":"WebPage","@id":"https:\/\/integratek-sbd.com\/ca\/serveis\/","url":"https:\/\/integratek-sbd.com\/ca\/serveis\/","name":"Serveis - integratek-sbd","isPartOf":{"@id":"https:\/\/integratek-sbd.com\/ca\/#website"},"datePublished":"2026-03-12T07:56:14+00:00","dateModified":"2026-04-08T09:29:19+00:00","breadcrumb":{"@id":"https:\/\/integratek-sbd.com\/ca\/serveis\/#breadcrumb"},"inLanguage":"ca","potentialAction":[{"@type":"ReadAction","target":["https:\/\/integratek-sbd.com\/ca\/serveis\/"]}]},{"@type":"BreadcrumbList","@id":"https:\/\/integratek-sbd.com\/ca\/serveis\/#breadcrumb","itemListElement":[{"@type":"ListItem","position":1,"name":"Home","item":"https:\/\/integratek-sbd.com\/ca\/"},{"@type":"ListItem","position":2,"name":"Serveis"}]},{"@type":"WebSite","@id":"https:\/\/integratek-sbd.com\/ca\/#website","url":"https:\/\/integratek-sbd.com\/ca\/","name":"integratek-sbd","description":"","publisher":{"@id":"https:\/\/integratek-sbd.com\/ca\/#organization"},"potentialAction":[{"@type":"SearchAction","target":{"@type":"EntryPoint","urlTemplate":"https:\/\/integratek-sbd.com\/ca\/?s={search_term_string}"},"query-input":{"@type":"PropertyValueSpecification","valueRequired":true,"valueName":"search_term_string"}}],"inLanguage":"ca"},{"@type":"Organization","@id":"https:\/\/integratek-sbd.com\/ca\/#organization","name":"integratek-sbd","url":"https:\/\/integratek-sbd.com\/ca\/","logo":{"@type":"ImageObject","inLanguage":"ca","@id":"https:\/\/integratek-sbd.com\/ca\/#\/schema\/logo\/image\/","url":"https:\/\/integratek-sbd.com\/wp-content\/uploads\/2026\/03\/logo.png","contentUrl":"https:\/\/integratek-sbd.com\/wp-content\/uploads\/2026\/03\/logo.png","width":708,"height":228,"caption":"integratek-sbd"},"image":{"@id":"https:\/\/integratek-sbd.com\/ca\/#\/schema\/logo\/image\/"}}]}},"_links":{"self":[{"href":"https:\/\/integratek-sbd.com\/ca\/wp-json\/wp\/v2\/pages\/1566","targetHints":{"allow":["GET"]}}],"collection":[{"href":"https:\/\/integratek-sbd.com\/ca\/wp-json\/wp\/v2\/pages"}],"about":[{"href":"https:\/\/integratek-sbd.com\/ca\/wp-json\/wp\/v2\/types\/page"}],"author":[{"embeddable":true,"href":"https:\/\/integratek-sbd.com\/ca\/wp-json\/wp\/v2\/users\/1"}],"replies":[{"embeddable":true,"href":"https:\/\/integratek-sbd.com\/ca\/wp-json\/wp\/v2\/comments?post=1566"}],"version-history":[{"count":6,"href":"https:\/\/integratek-sbd.com\/ca\/wp-json\/wp\/v2\/pages\/1566\/revisions"}],"predecessor-version":[{"id":1699,"href":"https:\/\/integratek-sbd.com\/ca\/wp-json\/wp\/v2\/pages\/1566\/revisions\/1699"}],"wp:attachment":[{"href":"https:\/\/integratek-sbd.com\/ca\/wp-json\/wp\/v2\/media?parent=1566"}],"curies":[{"name":"wp","href":"https:\/\/api.w.org\/{rel}","templated":true}]}}